{"id":1391,"date":"2021-02-18T16:14:59","date_gmt":"2021-02-18T16:14:59","guid":{"rendered":"http:\/\/salidecambrils.cat\/politica-de-privacitat\/"},"modified":"2021-03-18T15:51:37","modified_gmt":"2021-03-18T15:51:37","slug":"politica-de-privacitat","status":"publish","type":"page","link":"http:\/\/salidecambrils.cat\/es\/politica-de-privacitat\/","title":{"rendered":"Pol\u00edtica de Privacidad"},"content":{"rendered":"<h2>POL\u00cdTICA DE PRIVACIDAD<\/h2>\n<p>De conformidad con la <strong> Ley Org\u00e1nica 3\/2018, del 5 de diciembre, de Protecci\u00f3n de Datos Personales y Garant\u00edas de los Derechos Digitales y del Reglamento (UE) 2016\/679, de 27 de abril de 2016, relativo a la protecci\u00f3n de las personas f\u00edsicas en lo que respecta al tratamiento de datos personales ya la libre circulaci\u00f3n de estos datos, <strong>EL SAL\u00cd DE CAMBRILS<\/strong>\u00a0informa a los Usuarios que naveguen y accedan al sitio web<a href=\"http:\/\/salidecambrils.cat\/\">www.salidecambrils.cat<\/a>\u00a0sobre los tratamientos de datos personales realizados:<\/p>\n<h3>Responsable<\/h3>\n<p><strong>PINE MOUNTAIN, S.C.P.<\/strong><br \/>\nJ01697077<br \/>\nCarretera de Pon d\u2019Espia a Coll de Jou, L-401 Km 21 CP: 25286 Poblaci\u00f3n: Cambrils Provincia: Lleida<\/p>\n<h3>Finalidad<\/h3>\n<p>Gestionar los datos a los que la empresa accede como consecuencia de la navegaci\u00f3n, consulta y \/ o solicitud, as\u00ed como la contrataci\u00f3n de servicios a trav\u00e9s del sitio web y, en su caso enviar comunicaciones comerciales.<\/p>\n<h3>Legitimaci\u00f3n<\/h3>\n<p>Ejecuci\u00f3n de un contrato.<\/p>\n<h3>Destinatarios<\/h3>\n<p>No se ceder\u00e1n los datos a terceros, salvo obligaci\u00f3n legal.<\/p>\n<h3>Derechos<\/h3>\n<p>Acceder, rectificar y suprimir los datos, as\u00ed como los dem\u00e1s derechos regulados en el Reglamento (UE) 679\/2016 pueden ser ejercidos dirigi\u00e9ndose al siguiente domicilio: Carretera de Pon de Espia a Coll de Jou, L-401 Km 21 CP: 25286 Poblaci\u00f3n: Cambrils Provincia: Lleida o en la siguiente direcci\u00f3n de correo electr\u00f3nico\u00a0<a href=\"mailto:infosalicambrils@gmail.com\"><strong>infosalicambrils@gmail.com<\/strong><\/a><\/p>\n<h3>Conservaci\u00f3n<\/h3>\n<p>En caso de que el usuario s\u00f3lo haga una consulta sus datos no ser\u00e1n utilizados para ning\u00fan otro motivo aparte de gestionar la respuesta.<\/p>\n<p>Antes del env\u00edo de cualquier solicitud de informaci\u00f3n a trav\u00e9s del correo electr\u00f3nico de contacto de esta p\u00e1gina web, el usuario debe aceptar la pol\u00edtica de privacidad y las condiciones de uso de la misma, con el fin prestar el consentimiento expreso e informado por el tratamiento de los datos con las finalidades indicadas.<\/p>\n<p>Los datos personales que el Usuario facilita\u00a0<strong>EL SAL\u00cd DE CAMBRILS<\/strong>\u00a0deben ser actuales para que la informaci\u00f3n de los registros est\u00e9 actualiza y sin errores. El Usuario responder\u00e1 de la veracidad de los datos facilitados.<\/p>\n<h3>Menores de edad<\/h3>\n<p>Los menores de 18 a\u00f1os no pueden ceder sus datos personales a <strong><\/strong> sin el previo consentimiento de sus padres y \/ o tutores legales.<\/p>\n<p>En el caso que\u00a0<strong>EL SAL\u00cd DE CAMBRILS<\/strong>\u00a0detectara que el usuario es menor de 18 a\u00f1os se reserva el derecho a solicitar una copia de su DNI o documento de identidad equivalente, o en su caso, la autorizaci\u00f3n de sus padres y \/ o tutores legales, causando baja en caso de no acreditar el cumplimiento de este requisito o falta de respuesta.<\/p>\n<h3>\u00bfQu\u00e9 medidas de seguridad tiene implantada la empresa?<\/h3>\n<p><strong>EL SAL\u00cd DE CAMBRILS<\/strong>\u00a0informa que tiene implantadas las medidas de seguridad de \u00edndole t\u00e9cnica y organizativas necesarias que garanticen la seguridad de los datos de car\u00e1cter personal del Usuario y eviten su alteraci\u00f3n, p\u00e9rdida, tratamiento y \/ o acceso no autorizado de acuerdo con el estado de la tecnolog\u00eda, la naturaleza de los datos almacenados y los riesgos a que est\u00e1n expuestos, ya provengan de la acci\u00f3n humana o del medio f\u00edsico o natural, de conformidad con lo previsto en la normativa vigente.<\/p>\n","protected":false},"excerpt":{"rendered":"<p>POL\u00cdTICA DE PRIVACIDAD De conformidad con la Ley Org\u00e1nica 3\/2018, del 5 de diciembre, de Protecci\u00f3n de Datos Personales y [&hellip;]<\/p>\n","protected":false},"author":1,"featured_media":0,"parent":0,"menu_order":0,"comment_status":"closed","ping_status":"closed","template":"","meta":{"footnotes":""},"class_list":["post-1391","page","type-page","status-publish","hentry"],"yoast_head":"<!-- This site is optimized with the Yoast SEO plugin v16.0 - https:\/\/yoast.com\/wordpress\/plugins\/seo\/ -->\n<title>El Sal\u00ed de Cambrils \u00b7 Pol\u00edtica de Privacidad \u00b7 B\u00e1\u00f1ate con la energ\u00eda Pirineo<\/title>\n<meta name=\"description\" content=\"El Sal\u00ed de Cambrils \u00b7 Pol\u00edtica de Privacidad \u00b7 B\u00e1\u00f1ate con la energ\u00eda Pirineo \u00b7 Tu escapada de fin de semana perfecto.\" \/>\n<link rel=\"canonical\" href=\"http:\/\/salidecambrils.cat\/es\/politica-de-privacitat\/\" \/>\n<meta property=\"og:locale\" content=\"es_ES\" \/>\n<meta property=\"og:type\" content=\"article\" \/>\n<meta property=\"og:title\" content=\"El Sal\u00ed de Cambrils \u00b7 Pol\u00edtica de Privacidad \u00b7 B\u00e1\u00f1ate con la energ\u00eda Pirineo\" \/>\n<meta property=\"og:description\" content=\"El Sal\u00ed de Cambrils \u00b7 Pol\u00edtica de Privacidad \u00b7 B\u00e1\u00f1ate con la energ\u00eda Pirineo \u00b7 Tu escapada de fin de semana perfecto.\" \/>\n<meta property=\"og:url\" content=\"http:\/\/salidecambrils.cat\/es\/politica-de-privacitat\/\" \/>\n<meta property=\"og:site_name\" content=\"El Sal\u00ed de Cambrils \u00b7 Banya&#039;t amb l&#039;energia dels Pirineus\" \/>\n<meta property=\"article:modified_time\" content=\"2021-03-18T15:51:37+00:00\" \/>\n<meta name=\"twitter:card\" content=\"summary_large_image\" \/>\n<meta name=\"twitter:label1\" content=\"Tiempo de lectura\">\n\t<meta name=\"twitter:data1\" content=\"3 minutos\">\n<script type=\"application\/ld+json\" class=\"yoast-schema-graph\">{\"@context\":\"https:\/\/schema.org\",\"@graph\":[{\"@type\":\"WebSite\",\"@id\":\"https:\/\/salidecambrils.cat\/es\/#website\",\"url\":\"https:\/\/salidecambrils.cat\/es\/\",\"name\":\"El Sal\\u00ed de Cambrils \\u00b7 Banya&#039;t amb l&#039;energia dels Pirineus\",\"description\":\"La teva escapada de cap de setmana perfecte, en fam\\u00edlia, amb amics o en parella.\",\"potentialAction\":[{\"@type\":\"SearchAction\",\"target\":\"https:\/\/salidecambrils.cat\/es\/?s={search_term_string}\",\"query-input\":\"required name=search_term_string\"}],\"inLanguage\":\"es\"},{\"@type\":\"WebPage\",\"@id\":\"http:\/\/salidecambrils.cat\/es\/politica-de-privacitat\/#webpage\",\"url\":\"http:\/\/salidecambrils.cat\/es\/politica-de-privacitat\/\",\"name\":\"El Sal\\u00ed de Cambrils \\u00b7 Pol\\u00edtica de Privacidad \\u00b7 B\\u00e1\\u00f1ate con la energ\\u00eda Pirineo\",\"isPartOf\":{\"@id\":\"https:\/\/salidecambrils.cat\/es\/#website\"},\"datePublished\":\"2021-02-18T16:14:59+00:00\",\"dateModified\":\"2021-03-18T15:51:37+00:00\",\"description\":\"El Sal\\u00ed de Cambrils \\u00b7 Pol\\u00edtica de Privacidad \\u00b7 B\\u00e1\\u00f1ate con la energ\\u00eda Pirineo \\u00b7 Tu escapada de fin de semana perfecto.\",\"breadcrumb\":{\"@id\":\"http:\/\/salidecambrils.cat\/es\/politica-de-privacitat\/#breadcrumb\"},\"inLanguage\":\"es\",\"potentialAction\":[{\"@type\":\"ReadAction\",\"target\":[\"http:\/\/salidecambrils.cat\/es\/politica-de-privacitat\/\"]}]},{\"@type\":\"BreadcrumbList\",\"@id\":\"http:\/\/salidecambrils.cat\/es\/politica-de-privacitat\/#breadcrumb\",\"itemListElement\":[{\"@type\":\"ListItem\",\"position\":1,\"item\":{\"@type\":\"WebPage\",\"@id\":\"https:\/\/salidecambrils.cat\/es\/\",\"url\":\"https:\/\/salidecambrils.cat\/es\/\",\"name\":\"Portada\"}},{\"@type\":\"ListItem\",\"position\":2,\"item\":{\"@type\":\"WebPage\",\"@id\":\"http:\/\/salidecambrils.cat\/es\/politica-de-privacitat\/\",\"url\":\"http:\/\/salidecambrils.cat\/es\/politica-de-privacitat\/\",\"name\":\"Pol\\u00edtica de Privacidad\"}}]}]}<\/script>\n<!-- \/ Yoast SEO plugin. -->","_links":{"self":[{"href":"http:\/\/salidecambrils.cat\/es\/wp-json\/wp\/v2\/pages\/1391","targetHints":{"allow":["GET"]}}],"collection":[{"href":"http:\/\/salidecambrils.cat\/es\/wp-json\/wp\/v2\/pages"}],"about":[{"href":"http:\/\/salidecambrils.cat\/es\/wp-json\/wp\/v2\/types\/page"}],"author":[{"embeddable":true,"href":"http:\/\/salidecambrils.cat\/es\/wp-json\/wp\/v2\/users\/1"}],"replies":[{"embeddable":true,"href":"http:\/\/salidecambrils.cat\/es\/wp-json\/wp\/v2\/comments?post=1391"}],"version-history":[{"count":2,"href":"http:\/\/salidecambrils.cat\/es\/wp-json\/wp\/v2\/pages\/1391\/revisions"}],"predecessor-version":[{"id":1393,"href":"http:\/\/salidecambrils.cat\/es\/wp-json\/wp\/v2\/pages\/1391\/revisions\/1393"}],"wp:attachment":[{"href":"http:\/\/salidecambrils.cat\/es\/wp-json\/wp\/v2\/media?parent=1391"}],"curies":[{"name":"wp","href":"https:\/\/api.w.org\/{rel}","templated":true}]}}