{"id":1470,"date":"2022-06-24T09:54:58","date_gmt":"2022-06-24T09:54:58","guid":{"rendered":"http:\/\/salidecambrils.cat\/?page_id=1470"},"modified":"2022-06-24T09:54:58","modified_gmt":"2022-06-24T09:54:58","slug":"centre-de-natura","status":"publish","type":"page","link":"http:\/\/salidecambrils.cat\/es\/centre-de-natura\/","title":{"rendered":"Centre de Natura"},"content":{"rendered":"<div class=\"section-full-width section-light2\" style=\"background-color:#f7f7f7;\" id=\"centredenaturaod\u00e8n\"><div class=\"section-boxed\" style=\"color:#777777;\"><h2 class=\"section-title\" style=\"color:#252525;\">Centre de Natura Od\u00e8n<\/h2><\/p>\n<h5 style=\"text-align: center;\">El Centro de Natura es una iniciativa de difusi\u00f3n y de ocio que pretende dar a conocer los lugares y las caracter\u00edsticas peculiares de la zona que abarca el municipio de Od\u00e8n. Un entorno singular, en medio de la naturaleza, en su estado id\u00edlico y puro. La oferta tur\u00edstica y cultural va dirigida tanto a escuelas como grupos de amigos, familias o grupos de personas mayores.<\/h5>\n<h5><\/h5>\n<div class=\"services-wrapper services-icon cols-wrapper cols-3 pexeto-parallax\"><div class=\"services-box col\"><a href=\"http:\/\/salidecambrils.cat\/ca\/escolars-i-grups\/\"><div class=\"img-container\"><img decoding=\"async\" src=\"http:\/\/salidecambrils.cat\/wp-content\/uploads\/2021\/03\/centre_natura-33-130x130-1-130x130.png\" alt=\"Escuelas y grupos\"\/><\/div><\/a><div class=\"services-content\"><div class=\"sc-wraper\"><h3><a href=\"http:\/\/salidecambrils.cat\/ca\/escolars-i-grups\/\">Escuelas y grupos<\/a><\/h3><p>Despertar el inter\u00e9s por el medio ambiente con un aprendizaje significativo que parte de los conocimientos previos del alumno.<\/p><\/div><\/div><\/div><div class=\"services-box col\"><a href=\"http:\/\/salidecambrils.cat\/ca\/sortides-tematiques\/\"><div class=\"img-container\"><img decoding=\"async\" src=\"http:\/\/salidecambrils.cat\/wp-content\/uploads\/2021\/03\/icones_mesgrans_-14-130x130-1-130x130.png\" alt=\"Actividades tem\u00e1ticas\"\/><\/div><\/a><div class=\"services-content\"><div class=\"sc-wraper\"><h3><a href=\"http:\/\/salidecambrils.cat\/ca\/sortides-tematiques\/\">Actividades tem\u00e1ticas<\/a><\/h3><p>Comparte con los tuyos las sensaciones de disfrutar de la naturaleza. Durante los meses de verano se organizan diversas actividades para las familias.<\/p><\/div><\/div><\/div><div class=\"services-box col nomargin\"><a href=\"http:\/\/salidecambrils.cat\/ca\/entorn\/\"><div class=\"img-container\"><img decoding=\"async\" src=\"http:\/\/salidecambrils.cat\/wp-content\/uploads\/2021\/03\/localitzacio_-36-130x130-1-130x130.png\" alt=\"Entorno\"\/><\/div><\/a><div class=\"services-content\"><div class=\"sc-wraper\"><h3><a href=\"http:\/\/salidecambrils.cat\/ca\/entorn\/\">Entorno<\/a><\/h3><p>Permita a nuestros gu\u00edas ense\u00f1arles uno de los entornos m\u00e1s id\u00edlicos de la comarca. Disfrutar\u00e1 del privilegio de visitar nuestro entorno.<\/p><\/div><\/div><\/div><div class=\"clear\"><\/div><\/div>\n<p>\n<\/div><\/div>\n","protected":false},"excerpt":{"rendered":"","protected":false},"author":2,"featured_media":0,"parent":0,"menu_order":0,"comment_status":"open","ping_status":"closed","template":"template-full-custom.php","meta":{"footnotes":""},"class_list":["post-1470","page","type-page","status-publish","hentry"],"yoast_head":"<!-- This site is optimized with the Yoast SEO plugin v16.0 - https:\/\/yoast.com\/wordpress\/plugins\/seo\/ -->\n<title>Centro de Naturaleza Od\u00e8n \u00b7 Iniciativa de difusi\u00f3n y de ocio junto al Sal\u00ed<\/title>\n<meta name=\"description\" content=\"Centre de Natura \u00b7 Una iniciativa de difusi\u00f3n y de ocio complementaria junto al Sal\u00ed de Cambrils, en el municipio de Od\u00e8n.\" \/>\n<link rel=\"canonical\" href=\"http:\/\/salidecambrils.cat\/es\/centre-de-natura\/\" \/>\n<meta property=\"og:locale\" content=\"es_ES\" \/>\n<meta property=\"og:type\" content=\"article\" \/>\n<meta property=\"og:title\" content=\"Centro de Naturaleza Od\u00e8n \u00b7 Iniciativa de difusi\u00f3n y de ocio junto al Sal\u00ed\" \/>\n<meta property=\"og:description\" content=\"Centre de Natura \u00b7 Una iniciativa de difusi\u00f3n y de ocio complementaria junto al Sal\u00ed de Cambrils, en el municipio de Od\u00e8n.\" \/>\n<meta property=\"og:url\" content=\"http:\/\/salidecambrils.cat\/es\/centre-de-natura\/\" \/>\n<meta property=\"og:site_name\" content=\"El Sal\u00ed de Cambrils \u00b7 Banya&#039;t amb l&#039;energia dels Pirineus\" \/>\n<meta name=\"twitter:card\" content=\"summary_large_image\" \/>\n<meta name=\"twitter:label1\" content=\"Tiempo de lectura\">\n\t<meta name=\"twitter:data1\" content=\"1 minuto\">\n<script type=\"application\/ld+json\" class=\"yoast-schema-graph\">{\"@context\":\"https:\/\/schema.org\",\"@graph\":[{\"@type\":\"WebSite\",\"@id\":\"http:\/\/salidecambrils.cat\/es\/#website\",\"url\":\"http:\/\/salidecambrils.cat\/es\/\",\"name\":\"El Sal\\u00ed de Cambrils \\u00b7 Banya&#039;t amb l&#039;energia dels Pirineus\",\"description\":\"La teva escapada de cap de setmana perfecte, en fam\\u00edlia, amb amics o en parella.\",\"potentialAction\":[{\"@type\":\"SearchAction\",\"target\":\"http:\/\/salidecambrils.cat\/es\/?s={search_term_string}\",\"query-input\":\"required name=search_term_string\"}],\"inLanguage\":\"es\"},{\"@type\":\"WebPage\",\"@id\":\"http:\/\/salidecambrils.cat\/es\/centre-de-natura\/#webpage\",\"url\":\"http:\/\/salidecambrils.cat\/es\/centre-de-natura\/\",\"name\":\"Centro de Naturaleza Od\\u00e8n \\u00b7 Iniciativa de difusi\\u00f3n y de ocio junto al Sal\\u00ed\",\"isPartOf\":{\"@id\":\"http:\/\/salidecambrils.cat\/es\/#website\"},\"datePublished\":\"2022-06-24T09:54:58+00:00\",\"dateModified\":\"2022-06-24T09:54:58+00:00\",\"description\":\"Centre de Natura \\u00b7 Una iniciativa de difusi\\u00f3n y de ocio complementaria junto al Sal\\u00ed de Cambrils, en el municipio de Od\\u00e8n.\",\"breadcrumb\":{\"@id\":\"http:\/\/salidecambrils.cat\/es\/centre-de-natura\/#breadcrumb\"},\"inLanguage\":\"es\",\"potentialAction\":[{\"@type\":\"ReadAction\",\"target\":[\"http:\/\/salidecambrils.cat\/es\/centre-de-natura\/\"]}]},{\"@type\":\"BreadcrumbList\",\"@id\":\"http:\/\/salidecambrils.cat\/es\/centre-de-natura\/#breadcrumb\",\"itemListElement\":[{\"@type\":\"ListItem\",\"position\":1,\"item\":{\"@type\":\"WebPage\",\"@id\":\"http:\/\/salidecambrils.cat\/es\/\",\"url\":\"http:\/\/salidecambrils.cat\/es\/\",\"name\":\"Portada\"}},{\"@type\":\"ListItem\",\"position\":2,\"item\":{\"@type\":\"WebPage\",\"@id\":\"http:\/\/salidecambrils.cat\/es\/centre-de-natura\/\",\"url\":\"http:\/\/salidecambrils.cat\/es\/centre-de-natura\/\",\"name\":\"Centre de Natura\"}}]}]}<\/script>\n<!-- \/ Yoast SEO plugin. -->","_links":{"self":[{"href":"http:\/\/salidecambrils.cat\/es\/wp-json\/wp\/v2\/pages\/1470","targetHints":{"allow":["GET"]}}],"collection":[{"href":"http:\/\/salidecambrils.cat\/es\/wp-json\/wp\/v2\/pages"}],"about":[{"href":"http:\/\/salidecambrils.cat\/es\/wp-json\/wp\/v2\/types\/page"}],"author":[{"embeddable":true,"href":"http:\/\/salidecambrils.cat\/es\/wp-json\/wp\/v2\/users\/2"}],"replies":[{"embeddable":true,"href":"http:\/\/salidecambrils.cat\/es\/wp-json\/wp\/v2\/comments?post=1470"}],"version-history":[{"count":2,"href":"http:\/\/salidecambrils.cat\/es\/wp-json\/wp\/v2\/pages\/1470\/revisions"}],"predecessor-version":[{"id":1516,"href":"http:\/\/salidecambrils.cat\/es\/wp-json\/wp\/v2\/pages\/1470\/revisions\/1516"}],"wp:attachment":[{"href":"http:\/\/salidecambrils.cat\/es\/wp-json\/wp\/v2\/media?parent=1470"}],"curies":[{"name":"wp","href":"https:\/\/api.w.org\/{rel}","templated":true}]}}