{"id":1107,"date":"2014-10-02T05:31:55","date_gmt":"2014-10-02T05:31:55","guid":{"rendered":"http:\/\/salidecambrils.cat\/historia-i-evolucio\/"},"modified":"2021-03-18T08:52:35","modified_gmt":"2021-03-18T08:52:35","slug":"historia-i-evolucio","status":"publish","type":"page","link":"https:\/\/salidecambrils.cat\/es\/historia-i-evolucio\/","title":{"rendered":"Historia y Evoluci\u00f3n"},"content":{"rendered":"<div class=\"section-full-width section-light2\" style=\"background-color:#fbfbfb;\" id=\"sal\u00eddecambrils\"><div class=\"section-boxed\" style=\"color:#fbfbfb;\"><h2 class=\"section-title\" style=\"color:#878787;\">Sal\u00ed de Cambrils<\/h2><\/p>\n<h4 style=\"text-align: center;\"><span style=\"color: #878787;\"> Geol\u00f3gicamente hablando, estas Salinas se sit\u00faan a la cabeza de uno de los solapamientos pirenaicos: el Manto de corrimiento del Cad\u00ed &#8211; Port del Compte. Y m\u00e1s concretamente, dentro de \u00e9ste, en la l\u00e1mina del Serrat de Od\u00e8n. Los materiales tri\u00e1sicos del Keuper han servido como lubricante en estos solapamientos. Y la circulaci\u00f3n de aguas superficiales a trav\u00e9s de ellos ha ido disolviendo la sal, haciendo posible esta peque\u00f1a industria a partir de recursos naturales. El dato m\u00e1s curioso es que se trata de las \u00fanicas salinas de monta\u00f1a de toda Catalu\u00f1a, y de las pocas continentales, dado que la gran mayor\u00eda de salinas son de valle o aprovechando el mar en marismas.<br \/>\n<\/span><\/h4>\n<p>\n<\/div><\/div>\n<p>&nbsp;<\/p>\n<div class=\"services-wrapper services-default cols-wrapper cols-3 pexeto-parallax\"><div class=\"services-box col\"><div class=\"img-container\"><img decoding=\"async\" src=\"http:\/\/salidecambrils.cat\/wp-content\/uploads\/2021\/03\/historia_salidecambrils_3.png\" alt=\"\"\/><\/div><div class=\"services-content\"><div class=\"sc-wraper\"><p>Si en lugar de su historia geol\u00f3gica hablamos de historia a escala humana, parece que las propiedades de este sitio eran de utilidad en la Edad Media, momento en que los ganaderos y vecinos de la poblaci\u00f3n de Cambrils aprovechaban la sal tanto para consumo propio como para el ganado. Sin embargo, las salinas comenzaron a funcionar a finales del siglo XVIII, siendo 1780 el primer momento en que se documentan hist\u00f3ricamente. La primera referencia bibliogr\u00e1fica de las salinas la hemos encontrado en el diccionario Madoz. En esta obra, al hablar del t\u00e9rmino de Cambrils se alude a una fuente salada que da nombre a la Ribera Salada.<\/p><\/div><\/div><\/div><div class=\"services-box col\"><div class=\"img-container\"><img decoding=\"async\" src=\"http:\/\/salidecambrils.cat\/wp-content\/uploads\/2021\/03\/historia_salidecambrils_2.png\" alt=\"\"\/><\/div><div class=\"services-content\"><div class=\"sc-wraper\"><p>Desde entonces hasta mediados del pasado siglo XX, el complejo protoindustrial creado por la mano del hombre alrededor de este singular recurso natural, provey\u00f3 de sal a varios pueblos vecinos, a trav\u00e9s de una ruta de la Sal que cubr\u00eda las comarcas de Solson\u00e8s y el Alt Urgell. Las salinas, tal como las conocemos actualmente, deber\u00edan ser construidas entre finales del siglo XIX y principios del XX. Cronol\u00f3gicamente la zona del Sal\u00ed es anterior: un dintel de la Casa Vella nos permite situarla alrededor de 1882. La zona de Las Cabanetes, en cambio, puede ser atribuida al primer tercio del siglo pasado.<\/p><\/div><\/div><\/div><div class=\"services-box col nomargin\"><div class=\"img-container\"><img decoding=\"async\" src=\"http:\/\/salidecambrils.cat\/wp-content\/uploads\/2021\/03\/historia_salidecambrils_1.png\" alt=\"\"\/><\/div><div class=\"services-content\"><div class=\"sc-wraper\"><p>Tambi\u00e9n se dice que la construcci\u00f3n de Las Cabanetes cost\u00f3 siete mil duros (naturalmente, de la \u00e9poca). De estos cien a\u00f1os aproximados de salinas hay tres propietarios conocidos: Lorenzo Farr\u00e0s, de la Seu d'Urgell; los Fornesa, de Barcelona (durante dos generaciones), y Josep Roca, de Oliana. Este \u00faltimo es el titular de las salinas desde 1954, y en un momento dado intent\u00f3 que la explotaci\u00f3n no fuera s\u00f3lo estacional. Para ello hizo abrir una mina, con el fin de ampliar las posibilidades de extracci\u00f3n. Pero el intento no tuvo \u00e9xito.<\/p><\/div><\/div><\/div><div class=\"clear\"><\/div><\/div>\n<div class=\"services-wrapper services-fullbox cols-wrapper cols-4\" style=\"background-color:#2a2b2e;color:#dddddd;\"><div class=\"services-box col services-no-content\"><div class=\"img-container\"><img decoding=\"async\" src=\"http:\/\/salidecambrils.cat\/wp-content\/uploads\/2021\/02\/historia_4-468x312.jpg\" alt=\"\"\/><\/div><div class=\"services-content\"><div class=\"sc-wraper\"><\/div><\/div><\/div><div class=\"services-box col services-no-content\"><div class=\"img-container\"><img decoding=\"async\" src=\"http:\/\/salidecambrils.cat\/wp-content\/uploads\/2021\/02\/3_historia_salidecambrils_-468x312.jpg\" alt=\"\"\/><\/div><div class=\"services-content\"><div class=\"sc-wraper\"><\/div><\/div><\/div><div class=\"services-box col services-no-content\"><div class=\"img-container\"><img decoding=\"async\" src=\"http:\/\/salidecambrils.cat\/wp-content\/uploads\/2021\/02\/historia_box6-468x312.jpg\" alt=\"\"\/><\/div><div class=\"services-content\"><div class=\"sc-wraper\"><\/div><\/div><\/div><div class=\"services-box col nomargin services-no-content\"><div class=\"img-container\"><img decoding=\"async\" src=\"http:\/\/salidecambrils.cat\/wp-content\/uploads\/2021\/02\/historia_box4-468x312.jpg\" alt=\"\"\/><\/div><div class=\"services-content\"><div class=\"sc-wraper\"><\/div><\/div><\/div><div class=\"services-box col services-no-content\"><div class=\"img-container\"><img decoding=\"async\" src=\"http:\/\/salidecambrils.cat\/wp-content\/uploads\/2021\/02\/2_historia_salidecambrils_-468x312.jpg\" alt=\"\"\/><\/div><div class=\"services-content\"><div class=\"sc-wraper\"><\/div><\/div><\/div><div class=\"services-box col services-no-content\"><div class=\"img-container\"><img decoding=\"async\" src=\"http:\/\/salidecambrils.cat\/wp-content\/uploads\/2021\/02\/historia_box5-468x312.jpg\" alt=\"\"\/><\/div><div class=\"services-content\"><div class=\"sc-wraper\"><\/div><\/div><\/div><div class=\"services-box col services-no-content\"><div class=\"img-container\"><img decoding=\"async\" src=\"http:\/\/salidecambrils.cat\/wp-content\/uploads\/2021\/02\/1_historia_salidecambrils_-468x312.jpg\" alt=\"\"\/><\/div><div class=\"services-content\"><div class=\"sc-wraper\"><\/div><\/div><\/div><div class=\"services-box col nomargin services-no-content\"><div class=\"img-container\"><img decoding=\"async\" src=\"http:\/\/salidecambrils.cat\/wp-content\/uploads\/2021\/02\/historia_box7-468x312.jpg\" alt=\"\"\/><\/div><div class=\"services-content\"><div class=\"sc-wraper\"><\/div><\/div><\/div><div class=\"clear\"><\/div><\/div>\n","protected":false},"excerpt":{"rendered":"<p>&nbsp;<\/p>\n","protected":false},"author":1,"featured_media":0,"parent":0,"menu_order":0,"comment_status":"open","ping_status":"closed","template":"template-full-custom.php","meta":{"footnotes":""},"class_list":["post-1107","page","type-page","status-publish","hentry"],"yoast_head":"<!-- This site is optimized with the Yoast SEO plugin v16.0 - https:\/\/yoast.com\/wordpress\/plugins\/seo\/ -->\n<title>El Sal\u00ed de Cambrils \u00b7 Historia Evoluci\u00f3n \u00b7 B\u00e1\u00f1ate con la energ\u00eda del Pirineo<\/title>\n<meta name=\"description\" content=\"El Sal\u00ed de Cambrils \u00b7 Historia Evoluci\u00f3n \u00b7 B\u00e1\u00f1ate con la energ\u00eda del Pirineo \u00b7 Geol\u00f3gicamente hablando, estas Salinas se sit\u00faan en el Pirineo\" \/>\n<link rel=\"canonical\" href=\"https:\/\/salidecambrils.cat\/es\/historia-i-evolucio\/\" \/>\n<meta property=\"og:locale\" content=\"es_ES\" \/>\n<meta property=\"og:type\" content=\"article\" \/>\n<meta property=\"og:title\" content=\"El Sal\u00ed de Cambrils \u00b7 Historia Evoluci\u00f3n \u00b7 B\u00e1\u00f1ate con la energ\u00eda del Pirineo\" \/>\n<meta property=\"og:description\" content=\"El Sal\u00ed de Cambrils \u00b7 Historia Evoluci\u00f3n \u00b7 B\u00e1\u00f1ate con la energ\u00eda del Pirineo \u00b7 Geol\u00f3gicamente hablando, estas Salinas se sit\u00faan en el Pirineo\" \/>\n<meta property=\"og:url\" content=\"https:\/\/salidecambrils.cat\/es\/historia-i-evolucio\/\" \/>\n<meta property=\"og:site_name\" content=\"El Sal\u00ed de Cambrils \u00b7 Banya&#039;t amb l&#039;energia dels Pirineus\" \/>\n<meta property=\"article:modified_time\" content=\"2021-03-18T08:52:35+00:00\" \/>\n<meta name=\"twitter:card\" content=\"summary_large_image\" \/>\n<meta name=\"twitter:label1\" content=\"Tiempo de lectura\">\n\t<meta name=\"twitter:data1\" content=\"1 minuto\">\n<script type=\"application\/ld+json\" class=\"yoast-schema-graph\">{\"@context\":\"https:\/\/schema.org\",\"@graph\":[{\"@type\":\"WebSite\",\"@id\":\"http:\/\/salidecambrils.cat\/es\/#website\",\"url\":\"http:\/\/salidecambrils.cat\/es\/\",\"name\":\"El Sal\\u00ed de Cambrils \\u00b7 Banya&#039;t amb l&#039;energia dels Pirineus\",\"description\":\"La teva escapada de cap de setmana perfecte, en fam\\u00edlia, amb amics o en parella.\",\"potentialAction\":[{\"@type\":\"SearchAction\",\"target\":\"http:\/\/salidecambrils.cat\/es\/?s={search_term_string}\",\"query-input\":\"required name=search_term_string\"}],\"inLanguage\":\"es\"},{\"@type\":\"WebPage\",\"@id\":\"https:\/\/salidecambrils.cat\/es\/historia-i-evolucio\/#webpage\",\"url\":\"https:\/\/salidecambrils.cat\/es\/historia-i-evolucio\/\",\"name\":\"El Sal\\u00ed de Cambrils \\u00b7 Historia Evoluci\\u00f3n \\u00b7 B\\u00e1\\u00f1ate con la energ\\u00eda del Pirineo\",\"isPartOf\":{\"@id\":\"http:\/\/salidecambrils.cat\/es\/#website\"},\"datePublished\":\"2014-10-02T05:31:55+00:00\",\"dateModified\":\"2021-03-18T08:52:35+00:00\",\"description\":\"El Sal\\u00ed de Cambrils \\u00b7 Historia Evoluci\\u00f3n \\u00b7 B\\u00e1\\u00f1ate con la energ\\u00eda del Pirineo \\u00b7 Geol\\u00f3gicamente hablando, estas Salinas se sit\\u00faan en el Pirineo\",\"breadcrumb\":{\"@id\":\"https:\/\/salidecambrils.cat\/es\/historia-i-evolucio\/#breadcrumb\"},\"inLanguage\":\"es\",\"potentialAction\":[{\"@type\":\"ReadAction\",\"target\":[\"https:\/\/salidecambrils.cat\/es\/historia-i-evolucio\/\"]}]},{\"@type\":\"BreadcrumbList\",\"@id\":\"https:\/\/salidecambrils.cat\/es\/historia-i-evolucio\/#breadcrumb\",\"itemListElement\":[{\"@type\":\"ListItem\",\"position\":1,\"item\":{\"@type\":\"WebPage\",\"@id\":\"http:\/\/salidecambrils.cat\/es\/\",\"url\":\"http:\/\/salidecambrils.cat\/es\/\",\"name\":\"Portada\"}},{\"@type\":\"ListItem\",\"position\":2,\"item\":{\"@type\":\"WebPage\",\"@id\":\"https:\/\/salidecambrils.cat\/es\/historia-i-evolucio\/\",\"url\":\"https:\/\/salidecambrils.cat\/es\/historia-i-evolucio\/\",\"name\":\"Historia y Evoluci\\u00f3n\"}}]}]}<\/script>\n<!-- \/ Yoast SEO plugin. -->","_links":{"self":[{"href":"https:\/\/salidecambrils.cat\/es\/wp-json\/wp\/v2\/pages\/1107","targetHints":{"allow":["GET"]}}],"collection":[{"href":"https:\/\/salidecambrils.cat\/es\/wp-json\/wp\/v2\/pages"}],"about":[{"href":"https:\/\/salidecambrils.cat\/es\/wp-json\/wp\/v2\/types\/page"}],"author":[{"embeddable":true,"href":"https:\/\/salidecambrils.cat\/es\/wp-json\/wp\/v2\/users\/1"}],"replies":[{"embeddable":true,"href":"https:\/\/salidecambrils.cat\/es\/wp-json\/wp\/v2\/comments?post=1107"}],"version-history":[{"count":4,"href":"https:\/\/salidecambrils.cat\/es\/wp-json\/wp\/v2\/pages\/1107\/revisions"}],"predecessor-version":[{"id":1121,"href":"https:\/\/salidecambrils.cat\/es\/wp-json\/wp\/v2\/pages\/1107\/revisions\/1121"}],"wp:attachment":[{"href":"https:\/\/salidecambrils.cat\/es\/wp-json\/wp\/v2\/media?parent=1107"}],"curies":[{"name":"wp","href":"https:\/\/api.w.org\/{rel}","templated":true}]}}