{"id":1122,"date":"2016-12-02T00:07:23","date_gmt":"2016-12-02T00:07:23","guid":{"rendered":"http:\/\/salidecambrils.cat\/funcionament\/"},"modified":"2021-03-18T10:56:08","modified_gmt":"2021-03-18T10:56:08","slug":"funcionament","status":"publish","type":"page","link":"https:\/\/salidecambrils.cat\/es\/funcionament\/","title":{"rendered":"Funcionamiento"},"content":{"rendered":"<div class=\"services-wrapper services-fullbox cols-wrapper cols-2 services-vertical-text\" style=\"background-color:#fbfbfb;color:#34414d;\"><div class=\"services-box col services-no-content\"><div class=\"img-container\"><img decoding=\"async\" src=\"http:\/\/salidecambrils.cat\/wp-content\/uploads\/2021\/03\/funcionament_0.png\" alt=\"\"\/><\/div><div class=\"services-content\"><div class=\"sc-wraper\"><\/div><\/div><\/div><div class=\"services-box col nomargin services-no-image\"><div class=\"services-content\"><div class=\"sc-wraper\"><h3>En una regi\u00f3n como esta,<\/h3><p><em>el clima no favorece la evaporaci\u00f3n del agua durante todo el a\u00f1o, por lo que los trabajos de elaboraci\u00f3n de la sal eran estacionales, delimitados a unos meses concretos: de julio a septiembre. Aunque si el calor apretaba antes, esta tarea se pod\u00eda avanzar al mes de junio.\r\nL\u00f3gicamente, en verano se produce la m\u00e1xima insolaci\u00f3n, tanto en n\u00famero de horas como en intensidad, lo que propicia una retirada m\u00e1s r\u00e1pida del agua, dejando al descubierto la sal. Mientras tanto, en invierno, se dejaban las eras llenas de agua para evitar que las baldosas se levantaran (ya que se conservan mucho mejor protegidas por el agua).<\/em><\/p><\/div><\/div><\/div><div class=\"services-box col services-no-image\"><div class=\"services-content\"><div class=\"sc-wraper\"><h3>En cuanto a la disposici\u00f3n del terreno<\/h3><p><em>para generar este efecto, es importante destacar la parcelaci\u00f3n en eras como respuesta a una racionalizaci\u00f3n de las tareas. Gracias a ellas se controlaba mejor el nivel de agua y se extra\u00eda la sal con m\u00e1s comodidad. Como se comprobar\u00e1 sobre el terreno, la nivelaci\u00f3n correcta de cada era es fundamental para garantizar una distribuci\u00f3n regular del agua salada y favorecer su evaporaci\u00f3n, sin formar zonas irregulares. <\/em><\/p><\/div><\/div><\/div><div class=\"services-box col nomargin services-no-content\"><div class=\"img-container\"><img decoding=\"async\" src=\"http:\/\/salidecambrils.cat\/wp-content\/uploads\/2021\/03\/1_nova_Imatges_grans_sali.jpg\" alt=\"\"\/><\/div><div class=\"services-content\"><div class=\"sc-wraper\"><\/div><\/div><\/div><div class=\"services-box col services-no-content\"><div class=\"img-container\"><img decoding=\"async\" src=\"http:\/\/salidecambrils.cat\/wp-content\/uploads\/2021\/03\/3_nova_Imatges_grans_sali.jpg\" alt=\"\"\/><\/div><div class=\"services-content\"><div class=\"sc-wraper\"><\/div><\/div><\/div><div class=\"services-box col nomargin services-no-image\"><div class=\"services-content\"><div class=\"sc-wraper\"><h3>Exist\u00edan cuatro balsas,<\/h3><p><em>dos en cada sector, con el objetivo de almacenar el agua salada cuando las eras est\u00e1n llenas y funcionando. <\/em><\/p><\/div><\/div><\/div><div class=\"services-box col services-no-image\"><div class=\"services-content\"><div class=\"sc-wraper\"><h3>Los tendederos<\/h3><p><em>de los que hab\u00eda tres en cada sector y hoy quedan dos, uno de obra y uno de madera. Son plataformas con una peque\u00f1a inclinaci\u00f3n para escurrir el agua de los montones de sal. Unos ra\u00edles los comunicaban antiguamente con el almac\u00e9n, y unas vagonetas realizaban el traslado final de la sal. En el complejo podemos contemplar una de estas vagonetas restauradas.<\/em><\/p><\/div><\/div><\/div><div class=\"services-box col nomargin services-no-content\"><div class=\"img-container\"><img decoding=\"async\" src=\"http:\/\/salidecambrils.cat\/wp-content\/uploads\/2021\/03\/funcionament_6.png\" alt=\"\"\/><\/div><div class=\"services-content\"><div class=\"sc-wraper\"><\/div><\/div><\/div><div class=\"services-box col services-no-content\"><div class=\"img-container\"><img decoding=\"async\" src=\"http:\/\/salidecambrils.cat\/wp-content\/uploads\/2021\/03\/funcionament_5-copia.png\" alt=\"\"\/><\/div><div class=\"services-content\"><div class=\"sc-wraper\"><\/div><\/div><\/div><div class=\"services-box col nomargin services-no-image\"><div class=\"services-content\"><div class=\"sc-wraper\"><h3>Hab\u00eda un almac\u00e9n en cada sector,<\/h3><p><em>realizados ambos de obra y recubiertos en su interior con madera de pino para aislar y combatir el efecto corrosivo de la sal. Tambi\u00e9n exist\u00eda una tejer\u00eda en Las Cabanetes para llevar a cabo las tejas, ladrillos y losas  del complejo, e incluso proveer de ellos en los alrededores. La arcilla se coc\u00eda quemando le\u00f1a del bosque que se encuentra al otro lado del r\u00edo, y sus troncos se transportaban mediante cuerdas para salvar el gran desnivel del entorno. <\/em><\/p><\/div><\/div><\/div><div class=\"clear\"><\/div><\/div>\n<div class=\"services-wrapper services-fullbox cols-wrapper cols-4\" style=\"background-color:#252525;color:#ffffff;\"><div class=\"services-box col services-no-content\"><div class=\"img-container\"><img decoding=\"async\" src=\"http:\/\/salidecambrils.cat\/wp-content\/uploads\/2021\/02\/producte_9-468x312.jpg\" alt=\"\"\/><\/div><div class=\"services-content\"><div class=\"sc-wraper\"><\/div><\/div><\/div><div class=\"services-box col services-no-content\"><div class=\"img-container\"><img decoding=\"async\" src=\"http:\/\/salidecambrils.cat\/wp-content\/uploads\/2021\/02\/sal_salidecambrils_4-468x312.jpg\" alt=\"\"\/><\/div><div class=\"services-content\"><div class=\"sc-wraper\"><\/div><\/div><\/div><div class=\"services-box col services-no-content\"><div class=\"img-container\"><img decoding=\"async\" src=\"http:\/\/salidecambrils.cat\/wp-content\/uploads\/2021\/02\/producte_6-468x312.jpg\" alt=\"\"\/><\/div><div class=\"services-content\"><div class=\"sc-wraper\"><\/div><\/div><\/div><div class=\"services-box col nomargin services-no-content\"><div class=\"img-container\"><img decoding=\"async\" src=\"http:\/\/salidecambrils.cat\/wp-content\/uploads\/2021\/02\/sal_salidecambrils_3-468x312.jpg\" alt=\"\"\/><\/div><div class=\"services-content\"><div class=\"sc-wraper\"><\/div><\/div><\/div><div class=\"services-box col services-no-content\"><div class=\"img-container\"><img decoding=\"async\" src=\"http:\/\/salidecambrils.cat\/wp-content\/uploads\/2021\/02\/sal_salidecambrils_2-468x312.jpg\" alt=\"\"\/><\/div><div class=\"services-content\"><div class=\"sc-wraper\"><\/div><\/div><\/div><div class=\"services-box col services-no-content\"><div class=\"img-container\"><img decoding=\"async\" src=\"http:\/\/salidecambrils.cat\/wp-content\/uploads\/2021\/02\/producte_8-468x312.jpg\" alt=\"\"\/><\/div><div class=\"services-content\"><div class=\"sc-wraper\"><\/div><\/div><\/div><div class=\"services-box col services-no-content\"><div class=\"img-container\"><img decoding=\"async\" src=\"http:\/\/salidecambrils.cat\/wp-content\/uploads\/2021\/02\/sal_salidecambrils_1-468x312.jpg\" alt=\"\"\/><\/div><div class=\"services-content\"><div class=\"sc-wraper\"><\/div><\/div><\/div><div class=\"services-box col nomargin services-no-content\"><div class=\"img-container\"><img decoding=\"async\" src=\"http:\/\/salidecambrils.cat\/wp-content\/uploads\/2021\/02\/producte_7-468x312.jpg\" alt=\"\"\/><\/div><div class=\"services-content\"><div class=\"sc-wraper\"><\/div><\/div><\/div><div class=\"clear\"><\/div><\/div>\n<div class=\"services-wrapper services-fullbox cols-wrapper cols-2 services-vertical-text\" style=\"background-color:#fbfbfb;color:#34414d;\"><div class=\"services-box col services-no-image\"><div class=\"services-content\"><div class=\"sc-wraper\"><h3>Los molinos de este conjunto hist\u00f3rico son,<\/h3><p><em>quiz\u00e1s, los elementos que demuestran mayor ingenio por parte del hombre. Hay hasta cinco de estos mecanismos en un tramo de s\u00f3lo 300 m lineales del r\u00edo, incluyendo un desnivel de 40 m. Los cinco molinos tienen misiones y caracter\u00edsticas muy diferentes, empezando por el tama\u00f1o de la muela de todos ellos. El primer molino mol\u00eda la sal con una piedra de 80 cm , junto al almac\u00e9n del Sal\u00ed. Adem\u00e1s, el mismo salto de agua se aprovechaba para abastecer de energ\u00eda el\u00e9ctrica al conjunto a trav\u00e9s de un generador. <\/em><\/p><\/div><\/div><\/div><div class=\"services-box col nomargin services-no-content\"><div class=\"img-container\"><img decoding=\"async\" src=\"http:\/\/salidecambrils.cat\/wp-content\/uploads\/2021\/03\/funcionamentbase_9.png\" alt=\"\"\/><\/div><div class=\"services-content\"><div class=\"sc-wraper\"><\/div><\/div><\/div><div class=\"services-box col services-no-content\"><div class=\"img-container\"><img decoding=\"async\" src=\"http:\/\/salidecambrils.cat\/wp-content\/uploads\/2021\/03\/2_nova_Imatges_grans_sali.jpg\" alt=\"\"\/><\/div><div class=\"services-content\"><div class=\"sc-wraper\"><\/div><\/div><\/div><div class=\"services-box col nomargin services-no-image\"><div class=\"services-content\"><div class=\"sc-wraper\"><h3>El segundo molino era de harina 140 cm De muela.<\/h3><p><em>El tercero de pienso,  el cuarto era un molino pelador del grano 60 cm de muela para consumo humano y el quinto mol\u00eda de nuevo sal, en este caso para el almac\u00e9n de Las Cabanetes. La persona encargada de las salinas llevaba a cabo, adem\u00e1s, las tareas propias de una explotaci\u00f3n agraria tradicional, lo que explica todo un sistema tan vers\u00e1til y variado de tratamiento no s\u00f3lo de sal, sino tambi\u00e9n de grano para el alimento de animales y personas.<\/em><\/p><\/div><\/div><\/div><div class=\"services-box col services-no-image\"><div class=\"services-content\"><div class=\"sc-wraper\"><h3>La operaci\u00f3n de obtenci\u00f3n de la sal era artesanal.<\/h3><p><em>Mediante una red de acequias, canales y regueros se llevaba el agua salada de los estanques ,o directamente de las fuentes a las eras. Estas se llenaban con un volumen de agua equivalente a unos 3 cm de profundidad. Pasados tres d\u00edas -o m\u00e1s, seg\u00fan la climatolog\u00eda - cuando el agua se hab\u00eda evaporado en gran parte, pero no del todo, se recog\u00eda la sal, haciendo montones con ella. Si la sal se pegaba a las baldosas, se recog\u00eda con una pala de hierro.<\/em><\/p><\/div><\/div><\/div><div class=\"services-box col nomargin services-no-content\"><div class=\"img-container\"><img decoding=\"async\" src=\"http:\/\/salidecambrils.cat\/wp-content\/uploads\/2021\/03\/funcionamentbase11.png\" alt=\"\"\/><\/div><div class=\"services-content\"><div class=\"sc-wraper\"><\/div><\/div><\/div><div class=\"services-box col services-no-content\"><div class=\"img-container\"><img decoding=\"async\" src=\"http:\/\/salidecambrils.cat\/wp-content\/uploads\/2021\/03\/funcionamentbase12.png\" alt=\"\"\/><\/div><div class=\"services-content\"><div class=\"sc-wraper\"><\/div><\/div><\/div><div class=\"services-box col nomargin services-no-image\"><div class=\"services-content\"><div class=\"sc-wraper\"><h3>A continuaci\u00f3n se cargaba la sal en un capazo y,<\/h3><p><em>entre dos personas, transportaban la carga al tendedero. All\u00ed se dejaba reposar la sal, tambi\u00e9n amontonada, para que se escurriera, y cuando ya hab\u00eda perdido pr\u00e1cticamente toda el agua, se colocaba en una cesta que pod\u00eda llevar unos ocho quintales aproximadamente 330 quilos y era llevado por los trabajadores hasta el almac\u00e9n. Posteriormente la cesta se sustituy\u00f3 por un sistema de vagonetas que, sobre unos ra\u00edles, se desplazaban desde los tendederos hasta la entrada del almac\u00e9n. En el almac\u00e9n, la sal era nuevamente amontonada y acababa de escurrir el resto de la humedad, por lo que quedaba en condiciones para ser pasada por el molino en seco, hecho imprescindible para dejarla lista para el consumo. Hecha esta operaci\u00f3n, se pon\u00eda en sacos de 2 quintales (unos 83 quilos) y ya pod\u00eda ser comercializada. Tambi\u00e9n se vendi\u00f3, durante muchos a\u00f1os, en paquetes de kilo - destinados espec\u00edficamente al consumo dom\u00e9stico. <\/em><\/p><\/div><\/div><\/div><div class=\"clear\"><\/div><\/div>\n<div class=\"services-wrapper services-fullbox cols-wrapper cols-4\" style=\"background-color:#252525;color:#ffffff;\"><div class=\"services-box col services-no-content\"><div class=\"img-container\"><img decoding=\"async\" src=\"http:\/\/salidecambrils.cat\/wp-content\/uploads\/2021\/02\/producte_9-468x312.jpg\" alt=\"\"\/><\/div><div class=\"services-content\"><div class=\"sc-wraper\"><\/div><\/div><\/div><div class=\"services-box col services-no-content\"><div class=\"img-container\"><img decoding=\"async\" src=\"http:\/\/salidecambrils.cat\/wp-content\/uploads\/2021\/02\/sal_salidecambrils_4-468x312.jpg\" alt=\"\"\/><\/div><div class=\"services-content\"><div class=\"sc-wraper\"><\/div><\/div><\/div><div class=\"services-box col services-no-content\"><div class=\"img-container\"><img decoding=\"async\" src=\"http:\/\/salidecambrils.cat\/wp-content\/uploads\/2021\/02\/producte_6-468x312.jpg\" alt=\"\"\/><\/div><div class=\"services-content\"><div class=\"sc-wraper\"><\/div><\/div><\/div><div class=\"services-box col nomargin services-no-content\"><div class=\"img-container\"><img decoding=\"async\" src=\"http:\/\/salidecambrils.cat\/wp-content\/uploads\/2021\/02\/sal_salidecambrils_3-468x312.jpg\" alt=\"\"\/><\/div><div class=\"services-content\"><div class=\"sc-wraper\"><\/div><\/div><\/div><div class=\"services-box col services-no-content\"><div class=\"img-container\"><img decoding=\"async\" src=\"http:\/\/salidecambrils.cat\/wp-content\/uploads\/2021\/02\/sal_salidecambrils_2-468x312.jpg\" alt=\"\"\/><\/div><div class=\"services-content\"><div class=\"sc-wraper\"><\/div><\/div><\/div><div class=\"services-box col services-no-content\"><div class=\"img-container\"><img decoding=\"async\" src=\"http:\/\/salidecambrils.cat\/wp-content\/uploads\/2021\/02\/producte_8-468x312.jpg\" alt=\"\"\/><\/div><div class=\"services-content\"><div class=\"sc-wraper\"><\/div><\/div><\/div><div class=\"services-box col services-no-content\"><div class=\"img-container\"><img decoding=\"async\" src=\"http:\/\/salidecambrils.cat\/wp-content\/uploads\/2021\/02\/sal_salidecambrils_1-468x312.jpg\" alt=\"\"\/><\/div><div class=\"services-content\"><div class=\"sc-wraper\"><\/div><\/div><\/div><div class=\"services-box col nomargin services-no-content\"><div class=\"img-container\"><img decoding=\"async\" src=\"http:\/\/salidecambrils.cat\/wp-content\/uploads\/2021\/02\/producte_7-468x312.jpg\" alt=\"\"\/><\/div><div class=\"services-content\"><div class=\"sc-wraper\"><\/div><\/div><\/div><div class=\"clear\"><\/div><\/div>\n","protected":false},"excerpt":{"rendered":"","protected":false},"author":1,"featured_media":0,"parent":0,"menu_order":0,"comment_status":"closed","ping_status":"closed","template":"template-full-custom.php","meta":{"footnotes":""},"class_list":["post-1122","page","type-page","status-publish","hentry"],"yoast_head":"<!-- This site is optimized with the Yoast SEO plugin v16.0 - https:\/\/yoast.com\/wordpress\/plugins\/seo\/ -->\n<title>El Sal\u00ed de Cambrils \u00b7 Funcionamiento del Complejo \u00b7 Turismo Rural Lleida<\/title>\n<meta name=\"description\" content=\"El Sal\u00ed de Cambrils \u00b7 Funcionamiento del Complejo y Componentes de las Salinas \u00b7 Turismo Rural Lleida \u00b7 B\u00e1\u00f1ate con la energ\u00eda de los Pirineos\" \/>\n<link rel=\"canonical\" href=\"https:\/\/salidecambrils.cat\/es\/funcionament\/\" \/>\n<meta property=\"og:locale\" content=\"es_ES\" \/>\n<meta property=\"og:type\" content=\"article\" \/>\n<meta property=\"og:title\" content=\"El Sal\u00ed de Cambrils \u00b7 Funcionamiento del Complejo \u00b7 Turismo Rural Lleida\" \/>\n<meta property=\"og:description\" content=\"El Sal\u00ed de Cambrils \u00b7 Funcionamiento del Complejo y Componentes de las Salinas \u00b7 Turismo Rural Lleida \u00b7 B\u00e1\u00f1ate con la energ\u00eda de los Pirineos\" \/>\n<meta property=\"og:url\" content=\"https:\/\/salidecambrils.cat\/es\/funcionament\/\" \/>\n<meta property=\"og:site_name\" content=\"El Sal\u00ed de Cambrils \u00b7 Banya&#039;t amb l&#039;energia dels Pirineus\" \/>\n<meta property=\"article:modified_time\" content=\"2021-03-18T10:56:08+00:00\" \/>\n<meta name=\"twitter:card\" content=\"summary_large_image\" \/>\n<meta name=\"twitter:label1\" content=\"Tiempo de lectura\">\n\t<meta name=\"twitter:data1\" content=\"1 minuto\">\n<script type=\"application\/ld+json\" class=\"yoast-schema-graph\">{\"@context\":\"https:\/\/schema.org\",\"@graph\":[{\"@type\":\"WebSite\",\"@id\":\"https:\/\/salidecambrils.cat\/es\/#website\",\"url\":\"https:\/\/salidecambrils.cat\/es\/\",\"name\":\"El Sal\\u00ed de Cambrils \\u00b7 Banya&#039;t amb l&#039;energia dels Pirineus\",\"description\":\"La teva escapada de cap de setmana perfecte, en fam\\u00edlia, amb amics o en parella.\",\"potentialAction\":[{\"@type\":\"SearchAction\",\"target\":\"https:\/\/salidecambrils.cat\/es\/?s={search_term_string}\",\"query-input\":\"required name=search_term_string\"}],\"inLanguage\":\"es\"},{\"@type\":\"WebPage\",\"@id\":\"https:\/\/salidecambrils.cat\/es\/funcionament\/#webpage\",\"url\":\"https:\/\/salidecambrils.cat\/es\/funcionament\/\",\"name\":\"El Sal\\u00ed de Cambrils \\u00b7 Funcionamiento del Complejo \\u00b7 Turismo Rural Lleida\",\"isPartOf\":{\"@id\":\"https:\/\/salidecambrils.cat\/es\/#website\"},\"datePublished\":\"2016-12-02T00:07:23+00:00\",\"dateModified\":\"2021-03-18T10:56:08+00:00\",\"description\":\"El Sal\\u00ed de Cambrils \\u00b7 Funcionamiento del Complejo y Componentes de las Salinas \\u00b7 Turismo Rural Lleida \\u00b7 B\\u00e1\\u00f1ate con la energ\\u00eda de los Pirineos\",\"breadcrumb\":{\"@id\":\"https:\/\/salidecambrils.cat\/es\/funcionament\/#breadcrumb\"},\"inLanguage\":\"es\",\"potentialAction\":[{\"@type\":\"ReadAction\",\"target\":[\"https:\/\/salidecambrils.cat\/es\/funcionament\/\"]}]},{\"@type\":\"BreadcrumbList\",\"@id\":\"https:\/\/salidecambrils.cat\/es\/funcionament\/#breadcrumb\",\"itemListElement\":[{\"@type\":\"ListItem\",\"position\":1,\"item\":{\"@type\":\"WebPage\",\"@id\":\"https:\/\/salidecambrils.cat\/es\/\",\"url\":\"https:\/\/salidecambrils.cat\/es\/\",\"name\":\"Portada\"}},{\"@type\":\"ListItem\",\"position\":2,\"item\":{\"@type\":\"WebPage\",\"@id\":\"https:\/\/salidecambrils.cat\/es\/funcionament\/\",\"url\":\"https:\/\/salidecambrils.cat\/es\/funcionament\/\",\"name\":\"Funcionamiento\"}}]}]}<\/script>\n<!-- \/ Yoast SEO plugin. -->","_links":{"self":[{"href":"https:\/\/salidecambrils.cat\/es\/wp-json\/wp\/v2\/pages\/1122","targetHints":{"allow":["GET"]}}],"collection":[{"href":"https:\/\/salidecambrils.cat\/es\/wp-json\/wp\/v2\/pages"}],"about":[{"href":"https:\/\/salidecambrils.cat\/es\/wp-json\/wp\/v2\/types\/page"}],"author":[{"embeddable":true,"href":"https:\/\/salidecambrils.cat\/es\/wp-json\/wp\/v2\/users\/1"}],"replies":[{"embeddable":true,"href":"https:\/\/salidecambrils.cat\/es\/wp-json\/wp\/v2\/comments?post=1122"}],"version-history":[{"count":4,"href":"https:\/\/salidecambrils.cat\/es\/wp-json\/wp\/v2\/pages\/1122\/revisions"}],"predecessor-version":[{"id":1163,"href":"https:\/\/salidecambrils.cat\/es\/wp-json\/wp\/v2\/pages\/1122\/revisions\/1163"}],"wp:attachment":[{"href":"https:\/\/salidecambrils.cat\/es\/wp-json\/wp\/v2\/media?parent=1122"}],"curies":[{"name":"wp","href":"https:\/\/api.w.org\/{rel}","templated":true}]}}