{"id":1238,"date":"2021-01-22T11:53:42","date_gmt":"2021-01-22T11:53:42","guid":{"rendered":"http:\/\/salidecambrils.cat\/punts-dinteres\/"},"modified":"2022-06-23T13:45:31","modified_gmt":"2022-06-23T13:45:31","slug":"punts-dinteres","status":"publish","type":"page","link":"https:\/\/salidecambrils.cat\/es\/punts-dinteres\/","title":{"rendered":"Puntos de Inter\u00e9s"},"content":{"rendered":"<p>&nbsp;<\/p>\n<div class=\"services-wrapper services-boxed-photo cols-wrapper cols-3\"><div class=\"services-box col services-no-content\"><a href=\"https:\/\/www.zoodelpirineu.com\/\" target=\"_blank\"><div class=\"img-container\"><img decoding=\"async\" src=\"http:\/\/salidecambrils.cat\/wp-content\/uploads\/2021\/02\/zoodelpirineu.png\" alt=\"\"\/><\/div><\/a><div class=\"services-content\"><div class=\"sc-wraper\"><\/div><\/div><\/div><div class=\"services-box col services-no-content\"><a href=\"http:\/\/turismesolsones.com\/es\/\"><div class=\"img-container\"><img decoding=\"async\" src=\"http:\/\/salidecambrils.cat\/wp-content\/uploads\/2021\/02\/turismo-solsones.jpg\" alt=\"\"\/><\/div><\/a><div class=\"services-content\"><div class=\"sc-wraper\"><\/div><\/div><\/div><div class=\"services-box col nomargin services-no-content\"><a href=\"http:\/\/solsones.ddl.net\/\" target=\"_blank\"><div class=\"img-container\"><img decoding=\"async\" src=\"http:\/\/salidecambrils.cat\/wp-content\/uploads\/2021\/02\/consell_comarcal.png\" alt=\"\"\/><\/div><\/a><div class=\"services-content\"><div class=\"sc-wraper\"><\/div><\/div><\/div><div class=\"services-box col services-no-content\"><a href=\"https:\/\/lavalldelord.com\/\"><div class=\"img-container\"><img decoding=\"async\" src=\"http:\/\/salidecambrils.cat\/wp-content\/uploads\/2021\/02\/valldelord.jpg\" alt=\"\"\/><\/div><\/a><div class=\"services-content\"><div class=\"sc-wraper\"><\/div><\/div><\/div><div class=\"services-box col services-no-content\"><a href=\"https:\/\/www.aralleida.cat\/es\/\"><div class=\"img-container\"><img decoding=\"async\" src=\"http:\/\/salidecambrils.cat\/wp-content\/uploads\/2021\/02\/aralleida.jpg\" alt=\"\"\/><\/div><\/a><div class=\"services-content\"><div class=\"sc-wraper\"><\/div><\/div><\/div><div class=\"services-box col nomargin services-no-content\"><a href=\"https:\/\/www.portdelcomte.net\/index.php\/ca\/inici-hivern.html\"><div class=\"img-container\"><img decoding=\"async\" src=\"http:\/\/salidecambrils.cat\/wp-content\/uploads\/2021\/03\/portdelcomte.jpg\" alt=\"\"\/><\/div><\/a><div class=\"services-content\"><div class=\"sc-wraper\"><\/div><\/div><\/div><div class=\"clear\"><\/div><\/div>\n","protected":false},"excerpt":{"rendered":"<p>&nbsp;<\/p>\n","protected":false},"author":1,"featured_media":0,"parent":0,"menu_order":0,"comment_status":"open","ping_status":"closed","template":"template-full-custom.php","meta":{"footnotes":""},"class_list":["post-1238","page","type-page","status-publish","hentry"],"yoast_head":"<!-- This site is optimized with the Yoast SEO plugin v16.0 - https:\/\/yoast.com\/wordpress\/plugins\/seo\/ -->\n<title>El Sal\u00ed de Cambirls \u00b7 Puntos de Interes \u00b7 B\u00e1\u00f1ate con la energ\u00eda del Pirineo<\/title>\n<meta name=\"description\" content=\"El Sal\u00ed de Cambirls \u00b7 Puntos de Interes \u00b7 B\u00e1\u00f1ate con la energ\u00eda del Pirineo \u00b7 Tu escapada de fin de semana perfecto.\" \/>\n<link rel=\"canonical\" href=\"https:\/\/salidecambrils.cat\/es\/punts-dinteres\/\" \/>\n<meta property=\"og:locale\" content=\"es_ES\" \/>\n<meta property=\"og:type\" content=\"article\" \/>\n<meta property=\"og:title\" content=\"El Sal\u00ed de Cambirls \u00b7 Puntos de Interes \u00b7 B\u00e1\u00f1ate con la energ\u00eda del Pirineo\" \/>\n<meta property=\"og:description\" content=\"El Sal\u00ed de Cambirls \u00b7 Puntos de Interes \u00b7 B\u00e1\u00f1ate con la energ\u00eda del Pirineo \u00b7 Tu escapada de fin de semana perfecto.\" \/>\n<meta property=\"og:url\" content=\"https:\/\/salidecambrils.cat\/es\/punts-dinteres\/\" \/>\n<meta property=\"og:site_name\" content=\"El Sal\u00ed de Cambrils \u00b7 Banya&#039;t amb l&#039;energia dels Pirineus\" \/>\n<meta property=\"article:modified_time\" content=\"2022-06-23T13:45:31+00:00\" \/>\n<meta name=\"twitter:card\" content=\"summary_large_image\" \/>\n<script type=\"application\/ld+json\" class=\"yoast-schema-graph\">{\"@context\":\"https:\/\/schema.org\",\"@graph\":[{\"@type\":\"WebSite\",\"@id\":\"https:\/\/salidecambrils.cat\/es\/#website\",\"url\":\"https:\/\/salidecambrils.cat\/es\/\",\"name\":\"El Sal\\u00ed de Cambrils \\u00b7 Banya&#039;t amb l&#039;energia dels Pirineus\",\"description\":\"La teva escapada de cap de setmana perfecte, en fam\\u00edlia, amb amics o en parella.\",\"potentialAction\":[{\"@type\":\"SearchAction\",\"target\":\"https:\/\/salidecambrils.cat\/es\/?s={search_term_string}\",\"query-input\":\"required name=search_term_string\"}],\"inLanguage\":\"es\"},{\"@type\":\"WebPage\",\"@id\":\"https:\/\/salidecambrils.cat\/es\/punts-dinteres\/#webpage\",\"url\":\"https:\/\/salidecambrils.cat\/es\/punts-dinteres\/\",\"name\":\"El Sal\\u00ed de Cambirls \\u00b7 Puntos de Interes \\u00b7 B\\u00e1\\u00f1ate con la energ\\u00eda del Pirineo\",\"isPartOf\":{\"@id\":\"https:\/\/salidecambrils.cat\/es\/#website\"},\"datePublished\":\"2021-01-22T11:53:42+00:00\",\"dateModified\":\"2022-06-23T13:45:31+00:00\",\"description\":\"El Sal\\u00ed de Cambirls \\u00b7 Puntos de Interes \\u00b7 B\\u00e1\\u00f1ate con la energ\\u00eda del Pirineo \\u00b7 Tu escapada de fin de semana perfecto.\",\"breadcrumb\":{\"@id\":\"https:\/\/salidecambrils.cat\/es\/punts-dinteres\/#breadcrumb\"},\"inLanguage\":\"es\",\"potentialAction\":[{\"@type\":\"ReadAction\",\"target\":[\"https:\/\/salidecambrils.cat\/es\/punts-dinteres\/\"]}]},{\"@type\":\"BreadcrumbList\",\"@id\":\"https:\/\/salidecambrils.cat\/es\/punts-dinteres\/#breadcrumb\",\"itemListElement\":[{\"@type\":\"ListItem\",\"position\":1,\"item\":{\"@type\":\"WebPage\",\"@id\":\"https:\/\/salidecambrils.cat\/es\/\",\"url\":\"https:\/\/salidecambrils.cat\/es\/\",\"name\":\"Portada\"}},{\"@type\":\"ListItem\",\"position\":2,\"item\":{\"@type\":\"WebPage\",\"@id\":\"https:\/\/salidecambrils.cat\/es\/punts-dinteres\/\",\"url\":\"https:\/\/salidecambrils.cat\/es\/punts-dinteres\/\",\"name\":\"Puntos de Inter\\u00e9s\"}}]}]}<\/script>\n<!-- \/ Yoast SEO plugin. -->","_links":{"self":[{"href":"https:\/\/salidecambrils.cat\/es\/wp-json\/wp\/v2\/pages\/1238","targetHints":{"allow":["GET"]}}],"collection":[{"href":"https:\/\/salidecambrils.cat\/es\/wp-json\/wp\/v2\/pages"}],"about":[{"href":"https:\/\/salidecambrils.cat\/es\/wp-json\/wp\/v2\/types\/page"}],"author":[{"embeddable":true,"href":"https:\/\/salidecambrils.cat\/es\/wp-json\/wp\/v2\/users\/1"}],"replies":[{"embeddable":true,"href":"https:\/\/salidecambrils.cat\/es\/wp-json\/wp\/v2\/comments?post=1238"}],"version-history":[{"count":2,"href":"https:\/\/salidecambrils.cat\/es\/wp-json\/wp\/v2\/pages\/1238\/revisions"}],"predecessor-version":[{"id":1820,"href":"https:\/\/salidecambrils.cat\/es\/wp-json\/wp\/v2\/pages\/1238\/revisions\/1820"}],"wp:attachment":[{"href":"https:\/\/salidecambrils.cat\/es\/wp-json\/wp\/v2\/media?parent=1238"}],"curies":[{"name":"wp","href":"https:\/\/api.w.org\/{rel}","templated":true}]}}