{"id":1241,"date":"2021-01-22T12:27:48","date_gmt":"2021-01-22T12:27:48","guid":{"rendered":"http:\/\/salidecambrils.cat\/productes\/"},"modified":"2024-10-12T14:19:50","modified_gmt":"2024-10-12T14:19:50","slug":"productes","status":"publish","type":"page","link":"https:\/\/salidecambrils.cat\/es\/productes\/","title":{"rendered":"Tienda"},"content":{"rendered":"<div class=\"services-wrapper services-default cols-wrapper cols-2\"><div class=\"services-box col services-no-content\"><div class=\"img-container\"><img decoding=\"async\" src=\"http:\/\/salidecambrils.cat\/wp-content\/uploads\/2021\/03\/producte_11.jpg\" alt=\"\"\/><\/div><div class=\"services-content\"><div class=\"sc-wraper\"><\/div><\/div><\/div><div class=\"services-box col nomargin services-no-image\"><div class=\"services-content\"><div class=\"sc-wraper\"><h3>La naturaleza nos ha brindado un producto \u00fanico<\/h3><p><em>La naturaleza nos ha obsequiado con esta fuente de agua  salada , repleta de propiedades beneficiosas que se convierten en sal. Cuando el agua dulce cruza los almacenes subterr\u00e1neos de estas monta\u00f1as , arrastra a su paso multitud de minerales y elementos de primera calidad, que aportar\u00e1n a tus platos un sabor m\u00e1s natural y saludable.\r\nEsta sal se elabora de forma artesanal, del mismo modo que se hac\u00eda hace 300 a\u00f1os. Sin intermediarios , tenemos cuidado de todo el proceso para que llegue perfeta a vuestras mesas y cocinas. En nuestra tienda tambi\u00e9n encontrar\u00e1s chocolate con sal y la crema untable de chocolate - caramelo y sal , hecha por nosotros mismos.\r\nA la vez , peque\u00f1os productores de la zona nos acompa\u00f1an con productos como : artesania , miel , jab\u00f3n natural , vinos, licores y productos de la tierra como el guisante negro.<\/p><\/div><\/div><\/div><div class=\"services-box col services-no-image\"><div class=\"services-content\"><div class=\"sc-wraper\"><h3>Puntos de venta<\/h3><p>Puntos de venta donde pod\u00e9is encontrar nuestros productos: Oli i Sal (Barcelona) Botiga Mont Sant Benet ( Sant Fruit\u00f3s del Bages)\r\nL'estanc de Abaix (Solsona)\r\nTarib\u00f3 (Solsona )\r\nCondis (Solsona)\r\nEl Miracle (Riner)\r\nAgrobotiga Cerdanya (Puigcerd\u00e0)\r\nCa l'\u00c0ngel (Cambrils )\r\nMengem Bages (Manresa)\r\nTastet.cat (Cerdanyola)\r\nVadeverde (Navarcles)\r\nCan Ton ( Sant Lloren\u00e7 de Morunys)\r\nMigjorn(Nav\u00e0s )\r\nHotel Sant Roc (Solsona)\r\nLagrimus (Bellver)\r\nCerdanya ECO Resort (Martinet)\r\nGra de Gr\u00e0cia ( Barcelona)\r\nEstaci\u00f3 Repsol ( Solsona) \r\nFem Cadena( T\u00e0rrega)\r\nDpages(Online)\r\nBiokor (Solsona)\r\nVinicola ( Solsona) \r\nLa cistella de ponent ( Alpicat) \r\nLa Molsa( Solsona) \r\nEconatura Lidia ( Cambrils-Tarragona) \r\nMalapell( Sabadell) \r\nBotiga Merc\u00e8 ( coll de Narg\u00f2) \r\nCan Sixte Alzina Agrocomer\u00e7 ( Celr\u00e0- Girona)\r\nMeteo Pirineus ( La Seu d'Urgell )\r\nComo como (online)\r\nCremat diet\u00e8tica ( Terrassa)\r\nDel pla a la vall ( Andorra)\r\nTastet ( Cerdanyola del Vall\u00e8s)\r\nFornera Biosca  (Biosca)\r\nDe la Crem ( Barcelona)\r\nCarnisseria Teresa ( Solsona)\r\nQueviures Canals ( Barcelona)\r\nEspecat ( sabadell )\r\n<\/p><\/div><\/div><\/div><div class=\"services-box col nomargin services-no-image\"><div class=\"services-content\"><div class=\"sc-wraper\"><h3>Somos Ecol\u00f3gicos!<\/h3><p>Este 2024 nuestra sal ha hecho un paso adelante, siendo la primera sal de monta\u00f1a ecol\u00f3gica de Catalu\u00f1a .\u2028Desde ahora, mediante la certificaci\u00f3n oficial del consejo de la producci\u00f3n agraria ecol\u00f3gica (CCPAE) y la uni\u00f3n europea, hacemos oficial que nuestra explotaci\u00f3n salinera, cumple los requisitos indispensables para garantizar que la sal que comercializamos es ecol\u00f3gica, elaborada de manera artesanal ,sin aditivos y no refinada.\u2028En definitiva ,una sal con todas sus propiedades, hecha con paciencia y estimaci\u00f3n ,con tal de dar el mejor sabor a vuestros platos.<\/p><\/div><\/div><\/div><div class=\"services-box col services-no-content\"><div class=\"img-container\"><img decoding=\"async\" src=\"http:\/\/salidecambrils.cat\/wp-content\/uploads\/2024\/10\/CCPAE-segell-producte_GRIS_gran-e1728742275818.jpg\" alt=\"\"\/><\/div><div class=\"services-content\"><div class=\"sc-wraper\"><\/div><\/div><\/div><div class=\"services-box col nomargin services-no-content\"><div class=\"img-container\"><img decoding=\"async\" src=\"http:\/\/salidecambrils.cat\/wp-content\/uploads\/2024\/10\/UE_JPG_blanc_linia-e1728742684493.jpg\" alt=\"\"\/><\/div><div class=\"services-content\"><div class=\"sc-wraper\"><\/div><\/div><\/div><div class=\"clear\"><\/div><\/div>\n<div class=\"services-wrapper services-icon cols-wrapper cols-3 pexeto-parallax\"><div class=\"services-box col\"><div class=\"img-container\"><img decoding=\"async\" src=\"http:\/\/salidecambrils.cat\/wp-content\/uploads\/2021\/03\/icones_PRODUCTES-15-130x130-1-130x130.png\" alt=\"Fina\"\/><\/div><div class=\"services-content\"><div class=\"sc-wraper\"><h3>Fina<\/h3><\/div><\/div><\/div><div class=\"services-box col\"><div class=\"img-container\"><img decoding=\"async\" src=\"http:\/\/salidecambrils.cat\/wp-content\/uploads\/2021\/03\/icones_PRODUCTES-16-130x130-1-130x130.png\" alt=\"Gruesa\"\/><\/div><div class=\"services-content\"><div class=\"sc-wraper\"><h3>Gruesa<\/h3><\/div><\/div><\/div><div class=\"services-box col nomargin\"><div class=\"img-container\"><img decoding=\"async\" src=\"http:\/\/salidecambrils.cat\/wp-content\/uploads\/2021\/03\/icones_flordesal-17-130x130-1-130x130.png\" alt=\"Flor de Sal\"\/><\/div><div class=\"services-content\"><div class=\"sc-wraper\"><h3>Flor de Sal<\/h3><\/div><\/div><\/div><div class=\"services-box col\"><div class=\"img-container\"><img decoding=\"async\" src=\"http:\/\/salidecambrils.cat\/wp-content\/uploads\/2021\/03\/icones_PRODUCTES-18-130x130-1-130x130.png\" alt=\"Caj\u00fan\"\/><\/div><div class=\"services-content\"><div class=\"sc-wraper\"><h3>Caj\u00fan<\/h3><\/div><\/div><\/div><div class=\"services-box col\"><div class=\"img-container\"><img decoding=\"async\" src=\"http:\/\/salidecambrils.cat\/wp-content\/uploads\/2021\/03\/icones_PRODUCTES-19-130x130-1-130x130.png\" alt=\"Hibiscus\"\/><\/div><div class=\"services-content\"><div class=\"sc-wraper\"><h3>Hibiscus<\/h3><\/div><\/div><\/div><div class=\"services-box col nomargin\"><div class=\"img-container\"><img decoding=\"async\" src=\"http:\/\/salidecambrils.cat\/wp-content\/uploads\/2021\/03\/icones_PRODUCTES-20-130x130-1-130x130.png\" alt=\"Hierbas Provenzales\"\/><\/div><div class=\"services-content\"><div class=\"sc-wraper\"><h3>Hierbas Provenzales<\/h3><\/div><\/div><\/div><div class=\"clear\"><\/div><\/div>\n<div class=\"services-wrapper services-fullbox cols-wrapper cols-4\" style=\"background-color:#252525;color:#ffffff;\"><div class=\"services-box col services-no-content\"><div class=\"img-container\"><img decoding=\"async\" src=\"http:\/\/salidecambrils.cat\/wp-content\/uploads\/2021\/02\/producte_9-468x312.jpg\" alt=\"\"\/><\/div><div class=\"services-content\"><div class=\"sc-wraper\"><\/div><\/div><\/div><div class=\"services-box col services-no-content\"><div class=\"img-container\"><img decoding=\"async\" src=\"http:\/\/salidecambrils.cat\/wp-content\/uploads\/2021\/02\/sal_salidecambrils_4-468x312.jpg\" alt=\"\"\/><\/div><div class=\"services-content\"><div class=\"sc-wraper\"><\/div><\/div><\/div><div class=\"services-box col services-no-content\"><div class=\"img-container\"><img decoding=\"async\" src=\"http:\/\/salidecambrils.cat\/wp-content\/uploads\/2021\/02\/producte_6-468x312.jpg\" alt=\"\"\/><\/div><div class=\"services-content\"><div class=\"sc-wraper\"><\/div><\/div><\/div><div class=\"services-box col nomargin services-no-content\"><div class=\"img-container\"><img decoding=\"async\" src=\"http:\/\/salidecambrils.cat\/wp-content\/uploads\/2021\/02\/sal_salidecambrils_3-468x312.jpg\" alt=\"\"\/><\/div><div class=\"services-content\"><div class=\"sc-wraper\"><\/div><\/div><\/div><div class=\"services-box col services-no-content\"><div class=\"img-container\"><img decoding=\"async\" src=\"http:\/\/salidecambrils.cat\/wp-content\/uploads\/2021\/02\/sal_salidecambrils_2-468x312.jpg\" alt=\"\"\/><\/div><div class=\"services-content\"><div class=\"sc-wraper\"><\/div><\/div><\/div><div class=\"services-box col services-no-content\"><div class=\"img-container\"><img decoding=\"async\" src=\"http:\/\/salidecambrils.cat\/wp-content\/uploads\/2021\/02\/producte_8-468x312.jpg\" alt=\"\"\/><\/div><div class=\"services-content\"><div class=\"sc-wraper\"><\/div><\/div><\/div><div class=\"services-box col services-no-content\"><div class=\"img-container\"><img decoding=\"async\" src=\"http:\/\/salidecambrils.cat\/wp-content\/uploads\/2021\/02\/sal_salidecambrils_1-468x312.jpg\" alt=\"\"\/><\/div><div class=\"services-content\"><div class=\"sc-wraper\"><\/div><\/div><\/div><div class=\"services-box col nomargin services-no-content\"><div class=\"img-container\"><img decoding=\"async\" src=\"http:\/\/salidecambrils.cat\/wp-content\/uploads\/2021\/02\/producte_7-468x312.jpg\" alt=\"\"\/><\/div><div class=\"services-content\"><div class=\"sc-wraper\"><\/div><\/div><\/div><div class=\"clear\"><\/div><\/div>\n","protected":false},"excerpt":{"rendered":"","protected":false},"author":1,"featured_media":0,"parent":0,"menu_order":0,"comment_status":"closed","ping_status":"closed","template":"template-full-custom.php","meta":{"footnotes":""},"class_list":["post-1241","page","type-page","status-publish","hentry"],"yoast_head":"<!-- This site is optimized with the Yoast SEO plugin v16.0 - https:\/\/yoast.com\/wordpress\/plugins\/seo\/ -->\n<title>El Sal\u00ed de Cambrils \u00b7 La naturaleza nos ha brindado un producto \u00fanico<\/title>\n<meta name=\"description\" content=\"La naturaleza nos ha brindado un producto \u00fanico \u00b7 Una aut\u00e9ntica delicia llena de propiedades beneficiosas respecto otras sales.\" \/>\n<link rel=\"canonical\" href=\"https:\/\/salidecambrils.cat\/es\/productes\/\" \/>\n<meta property=\"og:locale\" content=\"es_ES\" \/>\n<meta property=\"og:type\" content=\"article\" \/>\n<meta property=\"og:title\" content=\"El Sal\u00ed de Cambrils \u00b7 La naturaleza nos ha brindado un producto \u00fanico\" \/>\n<meta property=\"og:description\" content=\"La naturaleza nos ha brindado un producto \u00fanico \u00b7 Una aut\u00e9ntica delicia llena de propiedades beneficiosas respecto otras sales.\" \/>\n<meta property=\"og:url\" content=\"https:\/\/salidecambrils.cat\/es\/productes\/\" \/>\n<meta property=\"og:site_name\" content=\"El Sal\u00ed de Cambrils \u00b7 Banya&#039;t amb l&#039;energia dels Pirineus\" \/>\n<meta property=\"article:modified_time\" content=\"2024-10-12T14:19:50+00:00\" \/>\n<meta name=\"twitter:card\" content=\"summary_large_image\" \/>\n<meta name=\"twitter:label1\" content=\"Tiempo de lectura\">\n\t<meta name=\"twitter:data1\" content=\"1 minuto\">\n<script type=\"application\/ld+json\" class=\"yoast-schema-graph\">{\"@context\":\"https:\/\/schema.org\",\"@graph\":[{\"@type\":\"WebSite\",\"@id\":\"http:\/\/salidecambrils.cat\/es\/#website\",\"url\":\"http:\/\/salidecambrils.cat\/es\/\",\"name\":\"El Sal\\u00ed de Cambrils \\u00b7 Banya&#039;t amb l&#039;energia dels Pirineus\",\"description\":\"La teva escapada de cap de setmana perfecte, en fam\\u00edlia, amb amics o en parella.\",\"potentialAction\":[{\"@type\":\"SearchAction\",\"target\":\"http:\/\/salidecambrils.cat\/es\/?s={search_term_string}\",\"query-input\":\"required name=search_term_string\"}],\"inLanguage\":\"es\"},{\"@type\":\"WebPage\",\"@id\":\"https:\/\/salidecambrils.cat\/es\/productes\/#webpage\",\"url\":\"https:\/\/salidecambrils.cat\/es\/productes\/\",\"name\":\"El Sal\\u00ed de Cambrils \\u00b7 La naturaleza nos ha brindado un producto \\u00fanico\",\"isPartOf\":{\"@id\":\"http:\/\/salidecambrils.cat\/es\/#website\"},\"datePublished\":\"2021-01-22T12:27:48+00:00\",\"dateModified\":\"2024-10-12T14:19:50+00:00\",\"description\":\"La naturaleza nos ha brindado un producto \\u00fanico \\u00b7 Una aut\\u00e9ntica delicia llena de propiedades beneficiosas respecto otras sales.\",\"breadcrumb\":{\"@id\":\"https:\/\/salidecambrils.cat\/es\/productes\/#breadcrumb\"},\"inLanguage\":\"es\",\"potentialAction\":[{\"@type\":\"ReadAction\",\"target\":[\"https:\/\/salidecambrils.cat\/es\/productes\/\"]}]},{\"@type\":\"BreadcrumbList\",\"@id\":\"https:\/\/salidecambrils.cat\/es\/productes\/#breadcrumb\",\"itemListElement\":[{\"@type\":\"ListItem\",\"position\":1,\"item\":{\"@type\":\"WebPage\",\"@id\":\"http:\/\/salidecambrils.cat\/es\/\",\"url\":\"http:\/\/salidecambrils.cat\/es\/\",\"name\":\"Portada\"}},{\"@type\":\"ListItem\",\"position\":2,\"item\":{\"@type\":\"WebPage\",\"@id\":\"https:\/\/salidecambrils.cat\/es\/productes\/\",\"url\":\"https:\/\/salidecambrils.cat\/es\/productes\/\",\"name\":\"Tienda\"}}]}]}<\/script>\n<!-- \/ Yoast SEO plugin. -->","_links":{"self":[{"href":"https:\/\/salidecambrils.cat\/es\/wp-json\/wp\/v2\/pages\/1241","targetHints":{"allow":["GET"]}}],"collection":[{"href":"https:\/\/salidecambrils.cat\/es\/wp-json\/wp\/v2\/pages"}],"about":[{"href":"https:\/\/salidecambrils.cat\/es\/wp-json\/wp\/v2\/types\/page"}],"author":[{"embeddable":true,"href":"https:\/\/salidecambrils.cat\/es\/wp-json\/wp\/v2\/users\/1"}],"replies":[{"embeddable":true,"href":"https:\/\/salidecambrils.cat\/es\/wp-json\/wp\/v2\/comments?post=1241"}],"version-history":[{"count":6,"href":"https:\/\/salidecambrils.cat\/es\/wp-json\/wp\/v2\/pages\/1241\/revisions"}],"predecessor-version":[{"id":2263,"href":"https:\/\/salidecambrils.cat\/es\/wp-json\/wp\/v2\/pages\/1241\/revisions\/2263"}],"wp:attachment":[{"href":"https:\/\/salidecambrils.cat\/es\/wp-json\/wp\/v2\/media?parent=1241"}],"curies":[{"name":"wp","href":"https:\/\/api.w.org\/{rel}","templated":true}]}}