{"id":1367,"date":"2015-01-20T00:40:41","date_gmt":"2015-01-20T00:40:41","guid":{"rendered":"http:\/\/salidecambrils.cat\/contacte\/"},"modified":"2021-03-18T15:14:19","modified_gmt":"2021-03-18T15:14:19","slug":"contacte","status":"publish","type":"page","link":"https:\/\/salidecambrils.cat\/es\/contacte\/","title":{"rendered":"Contacto"},"content":{"rendered":"","protected":false},"excerpt":{"rendered":"","protected":false},"author":1,"featured_media":0,"parent":0,"menu_order":0,"comment_status":"open","ping_status":"closed","template":"template-contact.php","meta":{"footnotes":""},"class_list":["post-1367","page","type-page","status-publish","hentry"],"yoast_head":"<!-- This site is optimized with the Yoast SEO plugin v16.0 - https:\/\/yoast.com\/wordpress\/plugins\/seo\/ -->\n<title>El Sal\u00ed de Cambrils \u00b7 Contacto \u00b7 Formulario de Contacto<\/title>\n<meta name=\"description\" content=\"El Sal\u00ed de Cambrils \u00b7 Contacto \u00b7 Formulario de Contacto \u00b7 B\u00e1\u00f1ate con la energ\u00eda de los Pirineos. Tu escapada de fin de semana perfecto.\" \/>\n<link rel=\"canonical\" href=\"https:\/\/salidecambrils.cat\/es\/contacte\/\" \/>\n<meta property=\"og:locale\" content=\"es_ES\" \/>\n<meta property=\"og:type\" content=\"article\" \/>\n<meta property=\"og:title\" content=\"El Sal\u00ed de Cambrils \u00b7 Contacto \u00b7 Formulario de Contacto\" \/>\n<meta property=\"og:description\" content=\"El Sal\u00ed de Cambrils \u00b7 Contacto \u00b7 Formulario de Contacto \u00b7 B\u00e1\u00f1ate con la energ\u00eda de los Pirineos. Tu escapada de fin de semana perfecto.\" \/>\n<meta property=\"og:url\" content=\"https:\/\/salidecambrils.cat\/es\/contacte\/\" \/>\n<meta property=\"og:site_name\" content=\"El Sal\u00ed de Cambrils \u00b7 Banya&#039;t amb l&#039;energia dels Pirineus\" \/>\n<meta property=\"article:modified_time\" content=\"2021-03-18T15:14:19+00:00\" \/>\n<meta name=\"twitter:card\" content=\"summary_large_image\" \/>\n<script type=\"application\/ld+json\" class=\"yoast-schema-graph\">{\"@context\":\"https:\/\/schema.org\",\"@graph\":[{\"@type\":\"WebSite\",\"@id\":\"http:\/\/salidecambrils.cat\/es\/#website\",\"url\":\"http:\/\/salidecambrils.cat\/es\/\",\"name\":\"El Sal\\u00ed de Cambrils \\u00b7 Banya&#039;t amb l&#039;energia dels Pirineus\",\"description\":\"La teva escapada de cap de setmana perfecte, en fam\\u00edlia, amb amics o en parella.\",\"potentialAction\":[{\"@type\":\"SearchAction\",\"target\":\"http:\/\/salidecambrils.cat\/es\/?s={search_term_string}\",\"query-input\":\"required name=search_term_string\"}],\"inLanguage\":\"es\"},{\"@type\":\"WebPage\",\"@id\":\"https:\/\/salidecambrils.cat\/es\/contacte\/#webpage\",\"url\":\"https:\/\/salidecambrils.cat\/es\/contacte\/\",\"name\":\"El Sal\\u00ed de Cambrils \\u00b7 Contacto \\u00b7 Formulario de Contacto\",\"isPartOf\":{\"@id\":\"http:\/\/salidecambrils.cat\/es\/#website\"},\"datePublished\":\"2015-01-20T00:40:41+00:00\",\"dateModified\":\"2021-03-18T15:14:19+00:00\",\"description\":\"El Sal\\u00ed de Cambrils \\u00b7 Contacto \\u00b7 Formulario de Contacto \\u00b7 B\\u00e1\\u00f1ate con la energ\\u00eda de los Pirineos. Tu escapada de fin de semana perfecto.\",\"breadcrumb\":{\"@id\":\"https:\/\/salidecambrils.cat\/es\/contacte\/#breadcrumb\"},\"inLanguage\":\"es\",\"potentialAction\":[{\"@type\":\"ReadAction\",\"target\":[\"https:\/\/salidecambrils.cat\/es\/contacte\/\"]}]},{\"@type\":\"BreadcrumbList\",\"@id\":\"https:\/\/salidecambrils.cat\/es\/contacte\/#breadcrumb\",\"itemListElement\":[{\"@type\":\"ListItem\",\"position\":1,\"item\":{\"@type\":\"WebPage\",\"@id\":\"http:\/\/salidecambrils.cat\/es\/\",\"url\":\"http:\/\/salidecambrils.cat\/es\/\",\"name\":\"Portada\"}},{\"@type\":\"ListItem\",\"position\":2,\"item\":{\"@type\":\"WebPage\",\"@id\":\"https:\/\/salidecambrils.cat\/es\/contacte\/\",\"url\":\"https:\/\/salidecambrils.cat\/es\/contacte\/\",\"name\":\"Contacto\"}}]}]}<\/script>\n<!-- \/ Yoast SEO plugin. -->","_links":{"self":[{"href":"https:\/\/salidecambrils.cat\/es\/wp-json\/wp\/v2\/pages\/1367","targetHints":{"allow":["GET"]}}],"collection":[{"href":"https:\/\/salidecambrils.cat\/es\/wp-json\/wp\/v2\/pages"}],"about":[{"href":"https:\/\/salidecambrils.cat\/es\/wp-json\/wp\/v2\/types\/page"}],"author":[{"embeddable":true,"href":"https:\/\/salidecambrils.cat\/es\/wp-json\/wp\/v2\/users\/1"}],"replies":[{"embeddable":true,"href":"https:\/\/salidecambrils.cat\/es\/wp-json\/wp\/v2\/comments?post=1367"}],"version-history":[{"count":2,"href":"https:\/\/salidecambrils.cat\/es\/wp-json\/wp\/v2\/pages\/1367\/revisions"}],"predecessor-version":[{"id":1370,"href":"https:\/\/salidecambrils.cat\/es\/wp-json\/wp\/v2\/pages\/1367\/revisions\/1370"}],"wp:attachment":[{"href":"https:\/\/salidecambrils.cat\/es\/wp-json\/wp\/v2\/media?parent=1367"}],"curies":[{"name":"wp","href":"https:\/\/api.w.org\/{rel}","templated":true}]}}