{"id":1507,"date":"2022-06-24T10:22:57","date_gmt":"2022-06-24T10:22:57","guid":{"rendered":"http:\/\/salidecambrils.cat\/?page_id=1507"},"modified":"2022-07-25T09:32:00","modified_gmt":"2022-07-25T09:32:00","slug":"salidas-tematicas","status":"publish","type":"page","link":"https:\/\/salidecambrils.cat\/es\/salidas-tematicas\/","title":{"rendered":"Salidas tem\u00e1ticas"},"content":{"rendered":"<div class=\"section-full-width section-light2\" style=\"background-color:#f7f7f7;\" id=\"salidastem\u00e1ticas\"><div class=\"section-boxed\" style=\"color:#777777;\"><h2 class=\"section-title\" style=\"color:#252525;\">Salidas tem\u00e1ticas <\/h2><\/p>\n<h5><\/h5>\n<p>&nbsp;<\/p>\n<p>\n<\/div><\/div>\n<div>\n<p style=\"text-align: center;\">En el \u00abcentre de natura\u00bb intentamos acercar la naturaleza de nuestro municipio a todo el mundo , con distintas rutas y salidas.En primavera y oto\u00f1o , el tiempo es ideal para gozar de distintas actividades. M\u00e1s informaci\u00f3n la encontrar\u00e9is en el instagram del Sal\u00ed \u00a0@salidecambrils.<\/p>\n<\/div>\n<div style=\"text-align: center;\">\n<p>&nbsp;<\/p>\n<\/div>\n<div style=\"text-align: center;\">\n<p>-Ruta \u00abDel rom\u00e1nic a la sal \u00bb (visita guiada a la igl\u00e8sia de Sant Mart\u00ed de Cambrils , el castillo de cambrils y las salinas)<\/p>\n<\/div>\n<div style=\"text-align: center;\">\n<p>-Visitas guiadas a las Salinas de Cambrils<\/p>\n<\/div>\n<div style=\"text-align: center;\">\n<p>-Rutas para conocer la flora del entorno y sus utilidades.<\/p>\n<\/div>\n<div style=\"text-align: center;\">\n<p>-Rutas de senderismo por Od\u00e8n con la guia S\u00edlvia Rovira<\/p>\n<\/div>\n<div style=\"text-align: center;\">\n<p>-Sesiones de Yoga y ba\u00f1o terapeutico<\/p>\n<p>-Sesiones de Yoga y brunch<\/p>\n<p>-Taller de Jabones naturales con sal<\/p>\n<p>-Degustaci\u00f3n de turrones con vino dulce<\/p>\n<p>-Degustaci\u00f3n de quesos del Solson\u00e8s y vinos<\/p>\n<\/div>\n<p style=\"text-align: center;\">Estas y muchas m\u00e1s actividades se realizan gracias al centro de natura y la colaboraci\u00f3n con diferentes professionales.<\/p>\n<div class=\"services-wrapper services-thumbnail\"><div class=\"services-box col services-no-content\"><div class=\"thumbnail-wrapper\"><div class=\"services-img\" style=\"background-image:url(http:\/\/salidecambrils.cat\/wp-content\/uploads\/2022\/04\/Recorda-235x235.png)\"><\/div><div class=\"services-content\"><div class=\"sc-wraper\"><\/div><\/div><\/div><\/div><div class=\"services-box col services-no-content\"><div class=\"thumbnail-wrapper\"><div class=\"services-img\" style=\"background-image:url(http:\/\/salidecambrils.cat\/wp-content\/uploads\/2022\/04\/IMG_7060-scaled-235x235.jpeg)\"><\/div><div class=\"services-content\"><div class=\"sc-wraper\"><\/div><\/div><\/div><\/div><div class=\"services-box col services-no-content\"><div class=\"thumbnail-wrapper\"><div class=\"services-img\" style=\"background-image:url(http:\/\/salidecambrils.cat\/wp-content\/uploads\/2022\/04\/359d277c-6494-4cb0-a602-6781c6a60799-235x235.jpeg)\"><\/div><div class=\"services-content\"><div class=\"sc-wraper\"><\/div><\/div><\/div><\/div><div class=\"services-box col services-no-content\"><div class=\"thumbnail-wrapper\"><div class=\"services-img\" style=\"background-image:url(http:\/\/salidecambrils.cat\/wp-content\/uploads\/2022\/04\/1650804357946-scaled-235x235.jpg)\"><\/div><div class=\"services-content\"><div class=\"sc-wraper\"><\/div><\/div><\/div><\/div><div class=\"services-box col services-no-content\"><div class=\"thumbnail-wrapper\"><div class=\"services-img\" style=\"background-image:url(http:\/\/salidecambrils.cat\/wp-content\/uploads\/2022\/04\/Taller-de-sabons-naturals-235x235.png)\"><\/div><div class=\"services-content\"><div class=\"sc-wraper\"><\/div><\/div><\/div><\/div><div class=\"services-box col services-no-content\"><div class=\"thumbnail-wrapper\"><div class=\"services-img\" style=\"background-image:url(http:\/\/salidecambrils.cat\/wp-content\/uploads\/2022\/04\/Dia-internacional-dels-museus-235x235.png)\"><\/div><div class=\"services-content\"><div class=\"sc-wraper\"><\/div><\/div><\/div><\/div><div class=\"services-box col services-no-content\"><div class=\"thumbnail-wrapper\"><div class=\"services-img\" style=\"background-image:url(http:\/\/salidecambrils.cat\/wp-content\/uploads\/2022\/04\/1650804056273-scaled-235x235.jpg)\"><\/div><div class=\"services-content\"><div class=\"sc-wraper\"><\/div><\/div><\/div><\/div><div class=\"services-box col services-no-content\"><div class=\"thumbnail-wrapper\"><div class=\"services-img\" style=\"background-image:url(http:\/\/salidecambrils.cat\/wp-content\/uploads\/2022\/04\/Copia-de-Visita-del-romanic-a-la-sal-235x235.png)\"><\/div><div class=\"services-content\"><div class=\"sc-wraper\"><\/div><\/div><\/div><\/div><div class=\"services-box col services-no-content\"><div class=\"thumbnail-wrapper\"><div class=\"services-img\" style=\"background-image:url(http:\/\/salidecambrils.cat\/wp-content\/uploads\/2022\/04\/IMG_7064-scaled-235x235.jpeg)\"><\/div><div class=\"services-content\"><div class=\"sc-wraper\"><\/div><\/div><\/div><\/div><div class=\"clear\"><\/div><\/div>\n<p><img loading=\"lazy\" decoding=\"async\" class=\"size-medium wp-image-1784 aligncenter\" src=\"http:\/\/salidecambrils.cat\/wp-content\/uploads\/2022\/05\/Sin_tA\u00adtulo-removebg-preview-300x203.png\" alt=\"\" width=\"300\" height=\"203\" srcset=\"https:\/\/salidecambrils.cat\/wp-content\/uploads\/2022\/05\/Sin_tA\u00adtulo-removebg-preview-300x203.png 300w, https:\/\/salidecambrils.cat\/wp-content\/uploads\/2022\/05\/Sin_tA\u00adtulo-removebg-preview.png 449w\" sizes=\"auto, (max-width: 300px) 100vw, 300px\" \/><\/p>\n","protected":false},"excerpt":{"rendered":"<p>En el \u00abcentre de natura\u00bb intentamos acercar la naturaleza de nuestro municipio a todo el mundo , con distintas rutas [&hellip;]<\/p>\n","protected":false},"author":2,"featured_media":0,"parent":0,"menu_order":0,"comment_status":"open","ping_status":"closed","template":"template-full-custom.php","meta":{"footnotes":""},"class_list":["post-1507","page","type-page","status-publish","hentry"],"yoast_head":"<!-- This site is optimized with the Yoast SEO plugin v16.0 - https:\/\/yoast.com\/wordpress\/plugins\/seo\/ -->\n<title>Centro de Naturaleza Od\u00e8n \u00b7 Iniciativa de difusi\u00f3n y de ocio junto al Sal\u00ed<\/title>\n<meta name=\"description\" content=\"Centre de Natura \u00b7 Una iniciativa de difusi\u00f3n y de ocio complementaria junto al Sal\u00ed de Cambrils, en el municipio de Od\u00e8n.\" \/>\n<link rel=\"canonical\" href=\"https:\/\/salidecambrils.cat\/es\/salidas-tematicas\/\" \/>\n<meta property=\"og:locale\" content=\"es_ES\" \/>\n<meta property=\"og:type\" content=\"article\" \/>\n<meta property=\"og:title\" content=\"Centro de Naturaleza Od\u00e8n \u00b7 Iniciativa de difusi\u00f3n y de ocio junto al Sal\u00ed\" \/>\n<meta property=\"og:description\" content=\"Centre de Natura \u00b7 Una iniciativa de difusi\u00f3n y de ocio complementaria junto al Sal\u00ed de Cambrils, en el municipio de Od\u00e8n.\" \/>\n<meta property=\"og:url\" content=\"https:\/\/salidecambrils.cat\/es\/salidas-tematicas\/\" \/>\n<meta property=\"og:site_name\" content=\"El Sal\u00ed de Cambrils \u00b7 Banya&#039;t amb l&#039;energia dels Pirineus\" \/>\n<meta property=\"article:modified_time\" content=\"2022-07-25T09:32:00+00:00\" \/>\n<meta property=\"og:image\" content=\"http:\/\/salidecambrils.cat\/wp-content\/uploads\/2022\/05\/Sin_tA\u00adtulo-removebg-preview-300x203.png\" \/>\n<meta name=\"twitter:card\" content=\"summary_large_image\" \/>\n<meta name=\"twitter:label1\" content=\"Tiempo de lectura\">\n\t<meta name=\"twitter:data1\" content=\"1 minuto\">\n<script type=\"application\/ld+json\" class=\"yoast-schema-graph\">{\"@context\":\"https:\/\/schema.org\",\"@graph\":[{\"@type\":\"WebSite\",\"@id\":\"http:\/\/salidecambrils.cat\/es\/#website\",\"url\":\"http:\/\/salidecambrils.cat\/es\/\",\"name\":\"El Sal\\u00ed de Cambrils \\u00b7 Banya&#039;t amb l&#039;energia dels Pirineus\",\"description\":\"La teva escapada de cap de setmana perfecte, en fam\\u00edlia, amb amics o en parella.\",\"potentialAction\":[{\"@type\":\"SearchAction\",\"target\":\"http:\/\/salidecambrils.cat\/es\/?s={search_term_string}\",\"query-input\":\"required name=search_term_string\"}],\"inLanguage\":\"es\"},{\"@type\":\"ImageObject\",\"@id\":\"https:\/\/salidecambrils.cat\/es\/salidas-tematicas\/#primaryimage\",\"inLanguage\":\"es\",\"url\":\"http:\/\/salidecambrils.cat\/wp-content\/uploads\/2022\/05\/Sin_tA\\u00adtulo-removebg-preview-300x203.png\"},{\"@type\":\"WebPage\",\"@id\":\"https:\/\/salidecambrils.cat\/es\/salidas-tematicas\/#webpage\",\"url\":\"https:\/\/salidecambrils.cat\/es\/salidas-tematicas\/\",\"name\":\"Centro de Naturaleza Od\\u00e8n \\u00b7 Iniciativa de difusi\\u00f3n y de ocio junto al Sal\\u00ed\",\"isPartOf\":{\"@id\":\"http:\/\/salidecambrils.cat\/es\/#website\"},\"primaryImageOfPage\":{\"@id\":\"https:\/\/salidecambrils.cat\/es\/salidas-tematicas\/#primaryimage\"},\"datePublished\":\"2022-06-24T10:22:57+00:00\",\"dateModified\":\"2022-07-25T09:32:00+00:00\",\"description\":\"Centre de Natura \\u00b7 Una iniciativa de difusi\\u00f3n y de ocio complementaria junto al Sal\\u00ed de Cambrils, en el municipio de Od\\u00e8n.\",\"breadcrumb\":{\"@id\":\"https:\/\/salidecambrils.cat\/es\/salidas-tematicas\/#breadcrumb\"},\"inLanguage\":\"es\",\"potentialAction\":[{\"@type\":\"ReadAction\",\"target\":[\"https:\/\/salidecambrils.cat\/es\/salidas-tematicas\/\"]}]},{\"@type\":\"BreadcrumbList\",\"@id\":\"https:\/\/salidecambrils.cat\/es\/salidas-tematicas\/#breadcrumb\",\"itemListElement\":[{\"@type\":\"ListItem\",\"position\":1,\"item\":{\"@type\":\"WebPage\",\"@id\":\"http:\/\/salidecambrils.cat\/es\/\",\"url\":\"http:\/\/salidecambrils.cat\/es\/\",\"name\":\"Portada\"}},{\"@type\":\"ListItem\",\"position\":2,\"item\":{\"@type\":\"WebPage\",\"@id\":\"https:\/\/salidecambrils.cat\/es\/salidas-tematicas\/\",\"url\":\"https:\/\/salidecambrils.cat\/es\/salidas-tematicas\/\",\"name\":\"Salidas tem\\u00e1ticas\"}}]}]}<\/script>\n<!-- \/ Yoast SEO plugin. -->","_links":{"self":[{"href":"https:\/\/salidecambrils.cat\/es\/wp-json\/wp\/v2\/pages\/1507","targetHints":{"allow":["GET"]}}],"collection":[{"href":"https:\/\/salidecambrils.cat\/es\/wp-json\/wp\/v2\/pages"}],"about":[{"href":"https:\/\/salidecambrils.cat\/es\/wp-json\/wp\/v2\/types\/page"}],"author":[{"embeddable":true,"href":"https:\/\/salidecambrils.cat\/es\/wp-json\/wp\/v2\/users\/2"}],"replies":[{"embeddable":true,"href":"https:\/\/salidecambrils.cat\/es\/wp-json\/wp\/v2\/comments?post=1507"}],"version-history":[{"count":11,"href":"https:\/\/salidecambrils.cat\/es\/wp-json\/wp\/v2\/pages\/1507\/revisions"}],"predecessor-version":[{"id":1877,"href":"https:\/\/salidecambrils.cat\/es\/wp-json\/wp\/v2\/pages\/1507\/revisions\/1877"}],"wp:attachment":[{"href":"https:\/\/salidecambrils.cat\/es\/wp-json\/wp\/v2\/media?parent=1507"}],"curies":[{"name":"wp","href":"https:\/\/api.w.org\/{rel}","templated":true}]}}